{"id":1944,"date":"2025-04-03T15:09:18","date_gmt":"2025-04-03T13:09:18","guid":{"rendered":"http:\/\/elvinalemauff.fr\/?page_id=1944"},"modified":"2025-04-04T19:40:06","modified_gmt":"2025-04-04T17:40:06","slug":"pics-of-the-week","status":"publish","type":"page","link":"http:\/\/elvinalemauff.fr\/index.php\/pics-of-the-week\/","title":{"rendered":"Pics of the week!"},"content":{"rendered":"\t\t<div data-elementor-type=\"wp-page\" data-elementor-id=\"1944\" class=\"elementor elementor-1944\">\n\t\t\t\t<div class=\"elementor-element elementor-element-b5c9498 e-flex e-con-boxed e-con e-parent\" data-id=\"b5c9498\" data-element_type=\"container\" data-e-type=\"container\">\n\t\t\t\t\t<div class=\"e-con-inner\">\n\t\t\t\t<div class=\"elementor-element elementor-element-2719ea4 elementor-widget elementor-widget-text-editor\" data-id=\"2719ea4\" data-element_type=\"widget\" data-e-type=\"widget\" data-widget_type=\"text-editor.default\">\n\t\t\t\t<div class=\"elementor-widget-container\">\n\t\t\t\t\t\t\t\t\t<h5>Ici, retrouvez mes images favorites de la semaine !<br \/>Pour plus d&#8217;images, rien de plus simple, il suffit d&#8217;aller dans les cat\u00e9gories !<\/h5><h5>Here are my favorite pictures of the week!<br \/>For more pictures, just go to the categories!<\/h5>\t\t\t\t\t\t\t\t<\/div>\n\t\t\t\t<\/div>\n\t\t\t\t\t<\/div>\n\t\t\t\t<\/div>\n\t\t<div class=\"elementor-element elementor-element-2f99f6f e-flex e-con-boxed e-con e-parent\" data-id=\"2f99f6f\" data-element_type=\"container\" data-e-type=\"container\">\n\t\t\t\t\t<div class=\"e-con-inner\">\n\t\t\t\t<div class=\"elementor-element elementor-element-17848d8 elementor-widget elementor-widget-image-gallery\" data-id=\"17848d8\" data-element_type=\"widget\" data-e-type=\"widget\" data-widget_type=\"image-gallery.default\">\n\t\t\t\t<div class=\"elementor-widget-container\">\n\t\t\t\t\t\t\t<div class=\"elementor-image-gallery\">\n\t\t\t<div id='gallery-1' class='gallery galleryid-1944 gallery-columns-4 gallery-size-medium'><figure class='gallery-item'>\n\t\t\t<div class='gallery-icon portrait'>\n\t\t\t\t<a data-elementor-open-lightbox=\"yes\" data-elementor-lightbox-slideshow=\"17848d8\" data-elementor-lightbox-title=\"Serie paquerette 1\" data-e-action-hash=\"#elementor-action%3Aaction%3Dlightbox%26settings%3DeyJpZCI6MTk1MSwidXJsIjoiaHR0cDpcL1wvZWx2aW5hbGVtYXVmZi5mclwvd3AtY29udGVudFwvdXBsb2Fkc1wvMjAyNVwvMDRcL1BpY3NhcnRfMjUtMDQtMDJfMjAtMDgtMTktODI2LmpwZyIsInNsaWRlc2hvdyI6IjE3ODQ4ZDgifQ%3D%3D\" href='http:\/\/elvinalemauff.fr\/wp-content\/uploads\/2025\/04\/Picsart_25-04-02_20-08-19-826.jpg' title=\"\" data-rl_title=\"\" class=\"rl-gallery-link\" data-rl_caption=\"\" data-rel=\"lightbox-gallery-1\"><img decoding=\"async\" width=\"162\" height=\"300\" src=\"http:\/\/elvinalemauff.fr\/wp-content\/uploads\/2025\/04\/Picsart_25-04-02_20-08-19-826-162x300.jpg\" class=\"attachment-medium size-medium\" alt=\"\" aria-describedby=\"gallery-1-1951\" srcset=\"http:\/\/elvinalemauff.fr\/wp-content\/uploads\/2025\/04\/Picsart_25-04-02_20-08-19-826-162x300.jpg 162w, http:\/\/elvinalemauff.fr\/wp-content\/uploads\/2025\/04\/Picsart_25-04-02_20-08-19-826-555x1024.jpg 555w, http:\/\/elvinalemauff.fr\/wp-content\/uploads\/2025\/04\/Picsart_25-04-02_20-08-19-826-768x1418.jpg 768w, http:\/\/elvinalemauff.fr\/wp-content\/uploads\/2025\/04\/Picsart_25-04-02_20-08-19-826-832x1536.jpg 832w, http:\/\/elvinalemauff.fr\/wp-content\/uploads\/2025\/04\/Picsart_25-04-02_20-08-19-826.jpg 1080w\" sizes=\"(max-width: 162px) 100vw, 162px\" \/><\/a>\n\t\t\t<\/div>\n\t\t\t\t<figcaption class='wp-caption-text gallery-caption' id='gallery-1-1951'>\n\t\t\t\tSerie paquerette 1\n\t\t\t\t<\/figcaption><\/figure><figure class='gallery-item'>\n\t\t\t<div class='gallery-icon portrait'>\n\t\t\t\t<a data-elementor-open-lightbox=\"yes\" data-elementor-lightbox-slideshow=\"17848d8\" data-elementor-lightbox-title=\"Serie paquerette 2\" data-e-action-hash=\"#elementor-action%3Aaction%3Dlightbox%26settings%3DeyJpZCI6MTk1MiwidXJsIjoiaHR0cDpcL1wvZWx2aW5hbGVtYXVmZi5mclwvd3AtY29udGVudFwvdXBsb2Fkc1wvMjAyNVwvMDRcL1BpY3NhcnRfMjUtMDQtMDJfMjAtMDgtNTYtNzUxLmpwZyIsInNsaWRlc2hvdyI6IjE3ODQ4ZDgifQ%3D%3D\" href='http:\/\/elvinalemauff.fr\/wp-content\/uploads\/2025\/04\/Picsart_25-04-02_20-08-56-751.jpg' title=\"\" data-rl_title=\"\" class=\"rl-gallery-link\" data-rl_caption=\"\" data-rel=\"lightbox-gallery-1\"><img decoding=\"async\" width=\"165\" height=\"300\" src=\"http:\/\/elvinalemauff.fr\/wp-content\/uploads\/2025\/04\/Picsart_25-04-02_20-08-56-751-165x300.jpg\" class=\"attachment-medium size-medium\" alt=\"\" aria-describedby=\"gallery-1-1952\" srcset=\"http:\/\/elvinalemauff.fr\/wp-content\/uploads\/2025\/04\/Picsart_25-04-02_20-08-56-751-165x300.jpg 165w, http:\/\/elvinalemauff.fr\/wp-content\/uploads\/2025\/04\/Picsart_25-04-02_20-08-56-751-563x1024.jpg 563w, http:\/\/elvinalemauff.fr\/wp-content\/uploads\/2025\/04\/Picsart_25-04-02_20-08-56-751-768x1398.jpg 768w, http:\/\/elvinalemauff.fr\/wp-content\/uploads\/2025\/04\/Picsart_25-04-02_20-08-56-751-844x1536.jpg 844w, http:\/\/elvinalemauff.fr\/wp-content\/uploads\/2025\/04\/Picsart_25-04-02_20-08-56-751.jpg 1080w\" sizes=\"(max-width: 165px) 100vw, 165px\" \/><\/a>\n\t\t\t<\/div>\n\t\t\t\t<figcaption class='wp-caption-text gallery-caption' id='gallery-1-1952'>\n\t\t\t\tSerie paquerette 2\n\t\t\t\t<\/figcaption><\/figure><figure class='gallery-item'>\n\t\t\t<div class='gallery-icon portrait'>\n\t\t\t\t<a data-elementor-open-lightbox=\"yes\" data-elementor-lightbox-slideshow=\"17848d8\" data-elementor-lightbox-title=\"Serie paquerette 3\" data-e-action-hash=\"#elementor-action%3Aaction%3Dlightbox%26settings%3DeyJpZCI6MTk1MywidXJsIjoiaHR0cDpcL1wvZWx2aW5hbGVtYXVmZi5mclwvd3AtY29udGVudFwvdXBsb2Fkc1wvMjAyNVwvMDRcL1BpY3NhcnRfMjUtMDQtMDJfMjAtMTEtMTgtNTEwLmpwZyIsInNsaWRlc2hvdyI6IjE3ODQ4ZDgifQ%3D%3D\" href='http:\/\/elvinalemauff.fr\/wp-content\/uploads\/2025\/04\/Picsart_25-04-02_20-11-18-510.jpg' title=\"\" data-rl_title=\"\" class=\"rl-gallery-link\" data-rl_caption=\"\" data-rel=\"lightbox-gallery-1\"><img decoding=\"async\" width=\"146\" height=\"300\" src=\"http:\/\/elvinalemauff.fr\/wp-content\/uploads\/2025\/04\/Picsart_25-04-02_20-11-18-510-146x300.jpg\" class=\"attachment-medium size-medium\" alt=\"\" aria-describedby=\"gallery-1-1953\" srcset=\"http:\/\/elvinalemauff.fr\/wp-content\/uploads\/2025\/04\/Picsart_25-04-02_20-11-18-510-146x300.jpg 146w, http:\/\/elvinalemauff.fr\/wp-content\/uploads\/2025\/04\/Picsart_25-04-02_20-11-18-510-500x1024.jpg 500w, http:\/\/elvinalemauff.fr\/wp-content\/uploads\/2025\/04\/Picsart_25-04-02_20-11-18-510-768x1574.jpg 768w, http:\/\/elvinalemauff.fr\/wp-content\/uploads\/2025\/04\/Picsart_25-04-02_20-11-18-510-750x1536.jpg 750w, http:\/\/elvinalemauff.fr\/wp-content\/uploads\/2025\/04\/Picsart_25-04-02_20-11-18-510-999x2048.jpg 999w, http:\/\/elvinalemauff.fr\/wp-content\/uploads\/2025\/04\/Picsart_25-04-02_20-11-18-510.jpg 1080w\" sizes=\"(max-width: 146px) 100vw, 146px\" \/><\/a>\n\t\t\t<\/div>\n\t\t\t\t<figcaption class='wp-caption-text gallery-caption' id='gallery-1-1953'>\n\t\t\t\tSerie paquerette 3\n\t\t\t\t<\/figcaption><\/figure><figure class='gallery-item'>\n\t\t\t<div class='gallery-icon portrait'>\n\t\t\t\t<a data-elementor-open-lightbox=\"yes\" data-elementor-lightbox-slideshow=\"17848d8\" data-elementor-lightbox-title=\"Chardonneret \u00e9l\u00e9gant1\" data-e-action-hash=\"#elementor-action%3Aaction%3Dlightbox%26settings%3DeyJpZCI6MTk1NCwidXJsIjoiaHR0cDpcL1wvZWx2aW5hbGVtYXVmZi5mclwvd3AtY29udGVudFwvdXBsb2Fkc1wvMjAyNVwvMDRcL1BpY3NhcnRfMjUtMDQtMDJfMjAtMTYtNTYtMjU2LmpwZyIsInNsaWRlc2hvdyI6IjE3ODQ4ZDgifQ%3D%3D\" href='http:\/\/elvinalemauff.fr\/wp-content\/uploads\/2025\/04\/Picsart_25-04-02_20-16-56-256.jpg' title=\"\" data-rl_title=\"\" class=\"rl-gallery-link\" data-rl_caption=\"\" data-rel=\"lightbox-gallery-1\"><img loading=\"lazy\" decoding=\"async\" width=\"152\" height=\"300\" src=\"http:\/\/elvinalemauff.fr\/wp-content\/uploads\/2025\/04\/Picsart_25-04-02_20-16-56-256-152x300.jpg\" class=\"attachment-medium size-medium\" alt=\"\" aria-describedby=\"gallery-1-1954\" srcset=\"http:\/\/elvinalemauff.fr\/wp-content\/uploads\/2025\/04\/Picsart_25-04-02_20-16-56-256-152x300.jpg 152w, http:\/\/elvinalemauff.fr\/wp-content\/uploads\/2025\/04\/Picsart_25-04-02_20-16-56-256-519x1024.jpg 519w, http:\/\/elvinalemauff.fr\/wp-content\/uploads\/2025\/04\/Picsart_25-04-02_20-16-56-256-768x1516.jpg 768w, http:\/\/elvinalemauff.fr\/wp-content\/uploads\/2025\/04\/Picsart_25-04-02_20-16-56-256-778x1536.jpg 778w, http:\/\/elvinalemauff.fr\/wp-content\/uploads\/2025\/04\/Picsart_25-04-02_20-16-56-256-1037x2048.jpg 1037w, http:\/\/elvinalemauff.fr\/wp-content\/uploads\/2025\/04\/Picsart_25-04-02_20-16-56-256.jpg 1080w\" sizes=\"(max-width: 152px) 100vw, 152px\" \/><\/a>\n\t\t\t<\/div>\n\t\t\t\t<figcaption class='wp-caption-text gallery-caption' id='gallery-1-1954'>\n\t\t\t\tChardonneret \u00e9l\u00e9gant\n\t\t\t\t<\/figcaption><\/figure><figure class='gallery-item'>\n\t\t\t<div class='gallery-icon portrait'>\n\t\t\t\t<a data-elementor-open-lightbox=\"yes\" data-elementor-lightbox-slideshow=\"17848d8\" data-elementor-lightbox-title=\"Fauvette \u00e0 t\u00eate noire 1\" data-e-action-hash=\"#elementor-action%3Aaction%3Dlightbox%26settings%3DeyJpZCI6MTk1NSwidXJsIjoiaHR0cDpcL1wvZWx2aW5hbGVtYXVmZi5mclwvd3AtY29udGVudFwvdXBsb2Fkc1wvMjAyNVwvMDRcL1BpY3NhcnRfMjUtMDQtMDJfMjEtNTktMzctMjIyLmpwZyIsInNsaWRlc2hvdyI6IjE3ODQ4ZDgifQ%3D%3D\" href='http:\/\/elvinalemauff.fr\/wp-content\/uploads\/2025\/04\/Picsart_25-04-02_21-59-37-222.jpg' title=\"\" data-rl_title=\"\" class=\"rl-gallery-link\" data-rl_caption=\"\" data-rel=\"lightbox-gallery-1\"><img loading=\"lazy\" decoding=\"async\" width=\"200\" height=\"300\" src=\"http:\/\/elvinalemauff.fr\/wp-content\/uploads\/2025\/04\/Picsart_25-04-02_21-59-37-222-200x300.jpg\" class=\"attachment-medium size-medium\" alt=\"\" aria-describedby=\"gallery-1-1955\" srcset=\"http:\/\/elvinalemauff.fr\/wp-content\/uploads\/2025\/04\/Picsart_25-04-02_21-59-37-222-200x300.jpg 200w, http:\/\/elvinalemauff.fr\/wp-content\/uploads\/2025\/04\/Picsart_25-04-02_21-59-37-222-682x1024.jpg 682w, http:\/\/elvinalemauff.fr\/wp-content\/uploads\/2025\/04\/Picsart_25-04-02_21-59-37-222-768x1152.jpg 768w, http:\/\/elvinalemauff.fr\/wp-content\/uploads\/2025\/04\/Picsart_25-04-02_21-59-37-222-1024x1536.jpg 1024w, http:\/\/elvinalemauff.fr\/wp-content\/uploads\/2025\/04\/Picsart_25-04-02_21-59-37-222.jpg 1193w\" sizes=\"(max-width: 200px) 100vw, 200px\" \/><\/a>\n\t\t\t<\/div>\n\t\t\t\t<figcaption class='wp-caption-text gallery-caption' id='gallery-1-1955'>\n\t\t\t\tFauvette \u00e0 t\u00eate noire \n\t\t\t\t<\/figcaption><\/figure><figure class='gallery-item'>\n\t\t\t<div class='gallery-icon portrait'>\n\t\t\t\t<a data-elementor-open-lightbox=\"yes\" data-elementor-lightbox-slideshow=\"17848d8\" data-elementor-lightbox-title=\"Orite \u00e0 longue queue 456\" data-e-action-hash=\"#elementor-action%3Aaction%3Dlightbox%26settings%3DeyJpZCI6MTk1NiwidXJsIjoiaHR0cDpcL1wvZWx2aW5hbGVtYXVmZi5mclwvd3AtY29udGVudFwvdXBsb2Fkc1wvMjAyNVwvMDRcL1BpY3NhcnRfMjUtMDQtMDJfMjItMDMtNTEtNzIxLmpwZyIsInNsaWRlc2hvdyI6IjE3ODQ4ZDgifQ%3D%3D\" href='http:\/\/elvinalemauff.fr\/wp-content\/uploads\/2025\/04\/Picsart_25-04-02_22-03-51-721.jpg' title=\"\" data-rl_title=\"\" class=\"rl-gallery-link\" data-rl_caption=\"\" data-rel=\"lightbox-gallery-1\"><img loading=\"lazy\" decoding=\"async\" width=\"135\" height=\"300\" src=\"http:\/\/elvinalemauff.fr\/wp-content\/uploads\/2025\/04\/Picsart_25-04-02_22-03-51-721-135x300.jpg\" class=\"attachment-medium size-medium\" alt=\"\" aria-describedby=\"gallery-1-1956\" srcset=\"http:\/\/elvinalemauff.fr\/wp-content\/uploads\/2025\/04\/Picsart_25-04-02_22-03-51-721-135x300.jpg 135w, http:\/\/elvinalemauff.fr\/wp-content\/uploads\/2025\/04\/Picsart_25-04-02_22-03-51-721-461x1024.jpg 461w, http:\/\/elvinalemauff.fr\/wp-content\/uploads\/2025\/04\/Picsart_25-04-02_22-03-51-721-768x1707.jpg 768w, http:\/\/elvinalemauff.fr\/wp-content\/uploads\/2025\/04\/Picsart_25-04-02_22-03-51-721-691x1536.jpg 691w, http:\/\/elvinalemauff.fr\/wp-content\/uploads\/2025\/04\/Picsart_25-04-02_22-03-51-721-922x2048.jpg 922w, http:\/\/elvinalemauff.fr\/wp-content\/uploads\/2025\/04\/Picsart_25-04-02_22-03-51-721.jpg 1080w\" sizes=\"(max-width: 135px) 100vw, 135px\" \/><\/a>\n\t\t\t<\/div>\n\t\t\t\t<figcaption class='wp-caption-text gallery-caption' id='gallery-1-1956'>\n\t\t\t\tOrite \u00e0 longue queue\n\t\t\t\t<\/figcaption><\/figure>\n\t\t<\/div>\n\t\t<\/div>\n\t\t\t\t\t\t<\/div>\n\t\t\t\t<\/div>\n\t\t\t\t\t<\/div>\n\t\t\t\t<\/div>\n\t\t\t\t<\/div>\n\t\t","protected":false},"excerpt":{"rendered":"<p>Ici, retrouvez mes images favorites de la semaine !Pour plus d&#8217;images, rien de plus simple, il suffit d&#8217;aller dans les cat\u00e9gories ! Here are my favorite pictures of the week!For more pictures, just go to the categories! Serie paquerette 1 Serie paquerette 2 Serie paquerette 3 Chardonneret \u00e9l\u00e9gant Fauvette \u00e0 t\u00eate noire Orite \u00e0 longue &#8230;<\/p>\n","protected":false},"author":1,"featured_media":0,"parent":0,"menu_order":0,"comment_status":"closed","ping_status":"closed","template":"","meta":{"footnotes":""},"class_list":["post-1944","page","type-page","status-publish","hentry"],"featured_image_src":"","featured_image_src_square":"","_links":{"self":[{"href":"http:\/\/elvinalemauff.fr\/index.php\/wp-json\/wp\/v2\/pages\/1944","targetHints":{"allow":["GET"]}}],"collection":[{"href":"http:\/\/elvinalemauff.fr\/index.php\/wp-json\/wp\/v2\/pages"}],"about":[{"href":"http:\/\/elvinalemauff.fr\/index.php\/wp-json\/wp\/v2\/types\/page"}],"author":[{"embeddable":true,"href":"http:\/\/elvinalemauff.fr\/index.php\/wp-json\/wp\/v2\/users\/1"}],"replies":[{"embeddable":true,"href":"http:\/\/elvinalemauff.fr\/index.php\/wp-json\/wp\/v2\/comments?post=1944"}],"version-history":[{"count":15,"href":"http:\/\/elvinalemauff.fr\/index.php\/wp-json\/wp\/v2\/pages\/1944\/revisions"}],"predecessor-version":[{"id":2662,"href":"http:\/\/elvinalemauff.fr\/index.php\/wp-json\/wp\/v2\/pages\/1944\/revisions\/2662"}],"wp:attachment":[{"href":"http:\/\/elvinalemauff.fr\/index.php\/wp-json\/wp\/v2\/media?parent=1944"}],"curies":[{"name":"wp","href":"https:\/\/api.w.org\/{rel}","templated":true}]}}