{"id":2105,"date":"2025-04-03T17:07:39","date_gmt":"2025-04-03T15:07:39","guid":{"rendered":"http:\/\/elvinalemauff.fr\/?page_id=2105"},"modified":"2025-04-04T19:25:15","modified_gmt":"2025-04-04T17:25:15","slug":"chardonnerets-elegants","status":"publish","type":"page","link":"http:\/\/elvinalemauff.fr\/index.php\/chardonnerets-elegants\/","title":{"rendered":"Chardonnerets \u00e9l\u00e9gants"},"content":{"rendered":"\t\t<div data-elementor-type=\"wp-page\" data-elementor-id=\"2105\" class=\"elementor elementor-2105\">\n\t\t\t\t<div class=\"elementor-element elementor-element-a1c440d e-flex e-con-boxed e-con e-parent\" data-id=\"a1c440d\" data-element_type=\"container\" data-e-type=\"container\">\n\t\t\t\t\t<div class=\"e-con-inner\">\n\t\t\t\t<div class=\"elementor-element elementor-element-5405844 elementor-widget elementor-widget-image-gallery\" data-id=\"5405844\" data-element_type=\"widget\" data-e-type=\"widget\" data-widget_type=\"image-gallery.default\">\n\t\t\t\t<div class=\"elementor-widget-container\">\n\t\t\t\t\t\t\t<div class=\"elementor-image-gallery\">\n\t\t\t<div id='gallery-1' class='gallery galleryid-2105 gallery-columns-4 gallery-size-medium'><figure class='gallery-item'>\n\t\t\t<div class='gallery-icon portrait'>\n\t\t\t\t<a data-elementor-open-lightbox=\"yes\" data-elementor-lightbox-slideshow=\"5405844\" data-elementor-lightbox-title=\"Chardonneret \u00e9l\u00e9gant-03-45-042\" data-e-action-hash=\"#elementor-action%3Aaction%3Dlightbox%26settings%3DeyJpZCI6MjA2MiwidXJsIjoiaHR0cDpcL1wvZWx2aW5hbGVtYXVmZi5mclwvd3AtY29udGVudFwvdXBsb2Fkc1wvMjAyNVwvMDRcL1BpY3NhcnRfMjUtMDQtMDJfMjAtMDMtNDUtMDQyLmpwZyIsInNsaWRlc2hvdyI6IjU0MDU4NDQifQ%3D%3D\" href='http:\/\/elvinalemauff.fr\/wp-content\/uploads\/2025\/04\/Picsart_25-04-02_20-03-45-042.jpg' title=\"\" data-rl_title=\"\" class=\"rl-gallery-link\" data-rl_caption=\"\" data-rel=\"lightbox-gallery-1\"><img decoding=\"async\" width=\"160\" height=\"300\" src=\"http:\/\/elvinalemauff.fr\/wp-content\/uploads\/2025\/04\/Picsart_25-04-02_20-03-45-042-160x300.jpg\" class=\"attachment-medium size-medium\" alt=\"\" aria-describedby=\"gallery-1-2062\" srcset=\"http:\/\/elvinalemauff.fr\/wp-content\/uploads\/2025\/04\/Picsart_25-04-02_20-03-45-042-160x300.jpg 160w, http:\/\/elvinalemauff.fr\/wp-content\/uploads\/2025\/04\/Picsart_25-04-02_20-03-45-042-545x1024.jpg 545w, http:\/\/elvinalemauff.fr\/wp-content\/uploads\/2025\/04\/Picsart_25-04-02_20-03-45-042-768x1443.jpg 768w, http:\/\/elvinalemauff.fr\/wp-content\/uploads\/2025\/04\/Picsart_25-04-02_20-03-45-042-818x1536.jpg 818w, http:\/\/elvinalemauff.fr\/wp-content\/uploads\/2025\/04\/Picsart_25-04-02_20-03-45-042.jpg 1080w\" sizes=\"(max-width: 160px) 100vw, 160px\" \/><\/a>\n\t\t\t<\/div>\n\t\t\t\t<figcaption class='wp-caption-text gallery-caption' id='gallery-1-2062'>\n\t\t\t\tChardonneret \u00e9l\u00e9gant\n\t\t\t\t<\/figcaption><\/figure><figure class='gallery-item'>\n\t\t\t<div class='gallery-icon portrait'>\n\t\t\t\t<a data-elementor-open-lightbox=\"yes\" data-elementor-lightbox-slideshow=\"5405844\" data-elementor-lightbox-title=\"Chardonneret \u00e9l\u00e9gant_20-02-24-364\" data-e-action-hash=\"#elementor-action%3Aaction%3Dlightbox%26settings%3DeyJpZCI6MjA2MSwidXJsIjoiaHR0cDpcL1wvZWx2aW5hbGVtYXVmZi5mclwvd3AtY29udGVudFwvdXBsb2Fkc1wvMjAyNVwvMDRcL1BpY3NhcnRfMjUtMDQtMDJfMjAtMDItMjQtMzY0LmpwZyIsInNsaWRlc2hvdyI6IjU0MDU4NDQifQ%3D%3D\" href='http:\/\/elvinalemauff.fr\/wp-content\/uploads\/2025\/04\/Picsart_25-04-02_20-02-24-364.jpg' title=\"\" data-rl_title=\"\" class=\"rl-gallery-link\" data-rl_caption=\"\" data-rel=\"lightbox-gallery-1\"><img fetchpriority=\"high\" decoding=\"async\" width=\"171\" height=\"300\" src=\"http:\/\/elvinalemauff.fr\/wp-content\/uploads\/2025\/04\/Picsart_25-04-02_20-02-24-364-171x300.jpg\" class=\"attachment-medium size-medium\" alt=\"\" aria-describedby=\"gallery-1-2061\" srcset=\"http:\/\/elvinalemauff.fr\/wp-content\/uploads\/2025\/04\/Picsart_25-04-02_20-02-24-364-171x300.jpg 171w, http:\/\/elvinalemauff.fr\/wp-content\/uploads\/2025\/04\/Picsart_25-04-02_20-02-24-364-584x1024.jpg 584w, http:\/\/elvinalemauff.fr\/wp-content\/uploads\/2025\/04\/Picsart_25-04-02_20-02-24-364-768x1346.jpg 768w, http:\/\/elvinalemauff.fr\/wp-content\/uploads\/2025\/04\/Picsart_25-04-02_20-02-24-364-876x1536.jpg 876w, http:\/\/elvinalemauff.fr\/wp-content\/uploads\/2025\/04\/Picsart_25-04-02_20-02-24-364.jpg 1080w\" sizes=\"(max-width: 171px) 100vw, 171px\" \/><\/a>\n\t\t\t<\/div>\n\t\t\t\t<figcaption class='wp-caption-text gallery-caption' id='gallery-1-2061'>\n\t\t\t\tChardonneret \u00e9l\u00e9gant\n\t\t\t\t<\/figcaption><\/figure><figure class='gallery-item'>\n\t\t\t<div class='gallery-icon landscape'>\n\t\t\t\t<a data-elementor-open-lightbox=\"yes\" data-elementor-lightbox-slideshow=\"5405844\" data-elementor-lightbox-title=\"Chardonneret \u00e9l\u00e9gant20-19-36-648\" data-e-action-hash=\"#elementor-action%3Aaction%3Dlightbox%26settings%3DeyJpZCI6MjA3MCwidXJsIjoiaHR0cDpcL1wvZWx2aW5hbGVtYXVmZi5mclwvd3AtY29udGVudFwvdXBsb2Fkc1wvMjAyNVwvMDRcL1BpY3NhcnRfMjUtMDQtMDJfMjAtMTktMzYtNjQ4LmpwZyIsInNsaWRlc2hvdyI6IjU0MDU4NDQifQ%3D%3D\" href='http:\/\/elvinalemauff.fr\/wp-content\/uploads\/2025\/04\/Picsart_25-04-02_20-19-36-648.jpg' title=\"\" data-rl_title=\"\" class=\"rl-gallery-link\" data-rl_caption=\"\" data-rel=\"lightbox-gallery-1\"><img decoding=\"async\" width=\"300\" height=\"200\" src=\"http:\/\/elvinalemauff.fr\/wp-content\/uploads\/2025\/04\/Picsart_25-04-02_20-19-36-648-300x200.jpg\" class=\"attachment-medium size-medium\" alt=\"\" aria-describedby=\"gallery-1-2070\" srcset=\"http:\/\/elvinalemauff.fr\/wp-content\/uploads\/2025\/04\/Picsart_25-04-02_20-19-36-648-300x200.jpg 300w, http:\/\/elvinalemauff.fr\/wp-content\/uploads\/2025\/04\/Picsart_25-04-02_20-19-36-648-1024x682.jpg 1024w, http:\/\/elvinalemauff.fr\/wp-content\/uploads\/2025\/04\/Picsart_25-04-02_20-19-36-648-768x512.jpg 768w, http:\/\/elvinalemauff.fr\/wp-content\/uploads\/2025\/04\/Picsart_25-04-02_20-19-36-648-1536x1023.jpg 1536w, http:\/\/elvinalemauff.fr\/wp-content\/uploads\/2025\/04\/Picsart_25-04-02_20-19-36-648-600x400.jpg 600w, http:\/\/elvinalemauff.fr\/wp-content\/uploads\/2025\/04\/Picsart_25-04-02_20-19-36-648.jpg 1621w\" sizes=\"(max-width: 300px) 100vw, 300px\" \/><\/a>\n\t\t\t<\/div>\n\t\t\t\t<figcaption class='wp-caption-text gallery-caption' id='gallery-1-2070'>\n\t\t\t\tChardonneret \u00e9l\u00e9gant\n\t\t\t\t<\/figcaption><\/figure><figure class='gallery-item'>\n\t\t\t<div class='gallery-icon landscape'>\n\t\t\t\t<a data-elementor-open-lightbox=\"yes\" data-elementor-lightbox-slideshow=\"5405844\" data-elementor-lightbox-title=\"Chardonneret \u00e9l\u00e9gant_20-19-09-413\" data-e-action-hash=\"#elementor-action%3Aaction%3Dlightbox%26settings%3DeyJpZCI6MjA2OSwidXJsIjoiaHR0cDpcL1wvZWx2aW5hbGVtYXVmZi5mclwvd3AtY29udGVudFwvdXBsb2Fkc1wvMjAyNVwvMDRcL1BpY3NhcnRfMjUtMDQtMDJfMjAtMTktMDktNDEzLmpwZyIsInNsaWRlc2hvdyI6IjU0MDU4NDQifQ%3D%3D\" href='http:\/\/elvinalemauff.fr\/wp-content\/uploads\/2025\/04\/Picsart_25-04-02_20-19-09-413.jpg' title=\"\" data-rl_title=\"\" class=\"rl-gallery-link\" data-rl_caption=\"\" data-rel=\"lightbox-gallery-1\"><img loading=\"lazy\" decoding=\"async\" width=\"300\" height=\"200\" src=\"http:\/\/elvinalemauff.fr\/wp-content\/uploads\/2025\/04\/Picsart_25-04-02_20-19-09-413-300x200.jpg\" class=\"attachment-medium size-medium\" alt=\"\" aria-describedby=\"gallery-1-2069\" srcset=\"http:\/\/elvinalemauff.fr\/wp-content\/uploads\/2025\/04\/Picsart_25-04-02_20-19-09-413-300x200.jpg 300w, http:\/\/elvinalemauff.fr\/wp-content\/uploads\/2025\/04\/Picsart_25-04-02_20-19-09-413-1024x683.jpg 1024w, http:\/\/elvinalemauff.fr\/wp-content\/uploads\/2025\/04\/Picsart_25-04-02_20-19-09-413-768x512.jpg 768w, http:\/\/elvinalemauff.fr\/wp-content\/uploads\/2025\/04\/Picsart_25-04-02_20-19-09-413-1536x1025.jpg 1536w, http:\/\/elvinalemauff.fr\/wp-content\/uploads\/2025\/04\/Picsart_25-04-02_20-19-09-413-600x400.jpg 600w, http:\/\/elvinalemauff.fr\/wp-content\/uploads\/2025\/04\/Picsart_25-04-02_20-19-09-413.jpg 1619w\" sizes=\"(max-width: 300px) 100vw, 300px\" \/><\/a>\n\t\t\t<\/div>\n\t\t\t\t<figcaption class='wp-caption-text gallery-caption' id='gallery-1-2069'>\n\t\t\t\tChardonneret \u00e9l\u00e9gant\n\t\t\t\t<\/figcaption><\/figure><figure class='gallery-item'>\n\t\t\t<div class='gallery-icon portrait'>\n\t\t\t\t<a data-elementor-open-lightbox=\"yes\" data-elementor-lightbox-slideshow=\"5405844\" data-elementor-lightbox-title=\"Chardonneret \u00e9l\u00e9gant-01-45-249\" data-e-action-hash=\"#elementor-action%3Aaction%3Dlightbox%26settings%3DeyJpZCI6MjA2MCwidXJsIjoiaHR0cDpcL1wvZWx2aW5hbGVtYXVmZi5mclwvd3AtY29udGVudFwvdXBsb2Fkc1wvMjAyNVwvMDRcL1BpY3NhcnRfMjUtMDQtMDJfMjAtMDEtNDUtMjQ5LmpwZyIsInNsaWRlc2hvdyI6IjU0MDU4NDQifQ%3D%3D\" href='http:\/\/elvinalemauff.fr\/wp-content\/uploads\/2025\/04\/Picsart_25-04-02_20-01-45-249.jpg' title=\"\" data-rl_title=\"\" class=\"rl-gallery-link\" data-rl_caption=\"\" data-rel=\"lightbox-gallery-1\"><img loading=\"lazy\" decoding=\"async\" width=\"135\" height=\"300\" src=\"http:\/\/elvinalemauff.fr\/wp-content\/uploads\/2025\/04\/Picsart_25-04-02_20-01-45-249-135x300.jpg\" class=\"attachment-medium size-medium\" alt=\"\" aria-describedby=\"gallery-1-2060\" srcset=\"http:\/\/elvinalemauff.fr\/wp-content\/uploads\/2025\/04\/Picsart_25-04-02_20-01-45-249-135x300.jpg 135w, http:\/\/elvinalemauff.fr\/wp-content\/uploads\/2025\/04\/Picsart_25-04-02_20-01-45-249-461x1024.jpg 461w, http:\/\/elvinalemauff.fr\/wp-content\/uploads\/2025\/04\/Picsart_25-04-02_20-01-45-249-768x1707.jpg 768w, http:\/\/elvinalemauff.fr\/wp-content\/uploads\/2025\/04\/Picsart_25-04-02_20-01-45-249-691x1536.jpg 691w, http:\/\/elvinalemauff.fr\/wp-content\/uploads\/2025\/04\/Picsart_25-04-02_20-01-45-249-922x2048.jpg 922w, http:\/\/elvinalemauff.fr\/wp-content\/uploads\/2025\/04\/Picsart_25-04-02_20-01-45-249.jpg 1080w\" sizes=\"(max-width: 135px) 100vw, 135px\" \/><\/a>\n\t\t\t<\/div>\n\t\t\t\t<figcaption class='wp-caption-text gallery-caption' id='gallery-1-2060'>\n\t\t\t\tChardonneret \u00e9l\u00e9gant\n\t\t\t\t<\/figcaption><\/figure><figure class='gallery-item'>\n\t\t\t<div class='gallery-icon portrait'>\n\t\t\t\t<a data-elementor-open-lightbox=\"yes\" data-elementor-lightbox-slideshow=\"5405844\" data-elementor-lightbox-title=\"Chardonneret \u00e9l\u00e9gant1\" data-e-action-hash=\"#elementor-action%3Aaction%3Dlightbox%26settings%3DeyJpZCI6MTk1NCwidXJsIjoiaHR0cDpcL1wvZWx2aW5hbGVtYXVmZi5mclwvd3AtY29udGVudFwvdXBsb2Fkc1wvMjAyNVwvMDRcL1BpY3NhcnRfMjUtMDQtMDJfMjAtMTYtNTYtMjU2LmpwZyIsInNsaWRlc2hvdyI6IjU0MDU4NDQifQ%3D%3D\" href='http:\/\/elvinalemauff.fr\/wp-content\/uploads\/2025\/04\/Picsart_25-04-02_20-16-56-256.jpg' title=\"\" data-rl_title=\"\" class=\"rl-gallery-link\" data-rl_caption=\"\" data-rel=\"lightbox-gallery-1\"><img loading=\"lazy\" decoding=\"async\" width=\"152\" height=\"300\" src=\"http:\/\/elvinalemauff.fr\/wp-content\/uploads\/2025\/04\/Picsart_25-04-02_20-16-56-256-152x300.jpg\" class=\"attachment-medium size-medium\" alt=\"\" aria-describedby=\"gallery-1-1954\" srcset=\"http:\/\/elvinalemauff.fr\/wp-content\/uploads\/2025\/04\/Picsart_25-04-02_20-16-56-256-152x300.jpg 152w, http:\/\/elvinalemauff.fr\/wp-content\/uploads\/2025\/04\/Picsart_25-04-02_20-16-56-256-519x1024.jpg 519w, http:\/\/elvinalemauff.fr\/wp-content\/uploads\/2025\/04\/Picsart_25-04-02_20-16-56-256-768x1516.jpg 768w, http:\/\/elvinalemauff.fr\/wp-content\/uploads\/2025\/04\/Picsart_25-04-02_20-16-56-256-778x1536.jpg 778w, http:\/\/elvinalemauff.fr\/wp-content\/uploads\/2025\/04\/Picsart_25-04-02_20-16-56-256-1037x2048.jpg 1037w, http:\/\/elvinalemauff.fr\/wp-content\/uploads\/2025\/04\/Picsart_25-04-02_20-16-56-256.jpg 1080w\" sizes=\"(max-width: 152px) 100vw, 152px\" \/><\/a>\n\t\t\t<\/div>\n\t\t\t\t<figcaption class='wp-caption-text gallery-caption' id='gallery-1-1954'>\n\t\t\t\tChardonneret \u00e9l\u00e9gant\n\t\t\t\t<\/figcaption><\/figure><figure class='gallery-item'>\n\t\t\t<div class='gallery-icon portrait'>\n\t\t\t\t<a data-elementor-open-lightbox=\"yes\" data-elementor-lightbox-slideshow=\"5405844\" data-elementor-lightbox-title=\"Chardonneret \u00e9l\u00e9gant18-01-951\" data-e-action-hash=\"#elementor-action%3Aaction%3Dlightbox%26settings%3DeyJpZCI6MjA2NywidXJsIjoiaHR0cDpcL1wvZWx2aW5hbGVtYXVmZi5mclwvd3AtY29udGVudFwvdXBsb2Fkc1wvMjAyNVwvMDRcL1BpY3NhcnRfMjUtMDQtMDJfMjAtMTgtMDEtOTUxLmpwZyIsInNsaWRlc2hvdyI6IjU0MDU4NDQifQ%3D%3D\" href='http:\/\/elvinalemauff.fr\/wp-content\/uploads\/2025\/04\/Picsart_25-04-02_20-18-01-951.jpg' title=\"\" data-rl_title=\"\" class=\"rl-gallery-link\" data-rl_caption=\"\" data-rel=\"lightbox-gallery-1\"><img loading=\"lazy\" decoding=\"async\" width=\"150\" height=\"300\" src=\"http:\/\/elvinalemauff.fr\/wp-content\/uploads\/2025\/04\/Picsart_25-04-02_20-18-01-951-150x300.jpg\" class=\"attachment-medium size-medium\" alt=\"\" aria-describedby=\"gallery-1-2067\" srcset=\"http:\/\/elvinalemauff.fr\/wp-content\/uploads\/2025\/04\/Picsart_25-04-02_20-18-01-951-150x300.jpg 150w, http:\/\/elvinalemauff.fr\/wp-content\/uploads\/2025\/04\/Picsart_25-04-02_20-18-01-951-514x1024.jpg 514w, http:\/\/elvinalemauff.fr\/wp-content\/uploads\/2025\/04\/Picsart_25-04-02_20-18-01-951-768x1531.jpg 768w, http:\/\/elvinalemauff.fr\/wp-content\/uploads\/2025\/04\/Picsart_25-04-02_20-18-01-951-770x1536.jpg 770w, http:\/\/elvinalemauff.fr\/wp-content\/uploads\/2025\/04\/Picsart_25-04-02_20-18-01-951-1027x2048.jpg 1027w, http:\/\/elvinalemauff.fr\/wp-content\/uploads\/2025\/04\/Picsart_25-04-02_20-18-01-951.jpg 1080w\" sizes=\"(max-width: 150px) 100vw, 150px\" \/><\/a>\n\t\t\t<\/div>\n\t\t\t\t<figcaption class='wp-caption-text gallery-caption' id='gallery-1-2067'>\n\t\t\t\tChardonneret \u00e9l\u00e9gant\n\t\t\t\t<\/figcaption><\/figure><figure class='gallery-item'>\n\t\t\t<div class='gallery-icon portrait'>\n\t\t\t\t<a data-elementor-open-lightbox=\"yes\" data-elementor-lightbox-slideshow=\"5405844\" data-elementor-lightbox-title=\"Chardonneret \u00e9l\u00e9gant04-14-968\" data-e-action-hash=\"#elementor-action%3Aaction%3Dlightbox%26settings%3DeyJpZCI6MjA2MywidXJsIjoiaHR0cDpcL1wvZWx2aW5hbGVtYXVmZi5mclwvd3AtY29udGVudFwvdXBsb2Fkc1wvMjAyNVwvMDRcL1BpY3NhcnRfMjUtMDQtMDJfMjAtMDQtMTQtOTY4LmpwZyIsInNsaWRlc2hvdyI6IjU0MDU4NDQifQ%3D%3D\" href='http:\/\/elvinalemauff.fr\/wp-content\/uploads\/2025\/04\/Picsart_25-04-02_20-04-14-968.jpg' title=\"\" data-rl_title=\"\" class=\"rl-gallery-link\" data-rl_caption=\"\" data-rel=\"lightbox-gallery-1\"><img loading=\"lazy\" decoding=\"async\" width=\"178\" height=\"300\" src=\"http:\/\/elvinalemauff.fr\/wp-content\/uploads\/2025\/04\/Picsart_25-04-02_20-04-14-968-178x300.jpg\" class=\"attachment-medium size-medium\" alt=\"\" aria-describedby=\"gallery-1-2063\" srcset=\"http:\/\/elvinalemauff.fr\/wp-content\/uploads\/2025\/04\/Picsart_25-04-02_20-04-14-968-178x300.jpg 178w, http:\/\/elvinalemauff.fr\/wp-content\/uploads\/2025\/04\/Picsart_25-04-02_20-04-14-968-607x1024.jpg 607w, http:\/\/elvinalemauff.fr\/wp-content\/uploads\/2025\/04\/Picsart_25-04-02_20-04-14-968-768x1296.jpg 768w, http:\/\/elvinalemauff.fr\/wp-content\/uploads\/2025\/04\/Picsart_25-04-02_20-04-14-968-910x1536.jpg 910w, http:\/\/elvinalemauff.fr\/wp-content\/uploads\/2025\/04\/Picsart_25-04-02_20-04-14-968.jpg 1080w\" sizes=\"(max-width: 178px) 100vw, 178px\" \/><\/a>\n\t\t\t<\/div>\n\t\t\t\t<figcaption class='wp-caption-text gallery-caption' id='gallery-1-2063'>\n\t\t\t\tChardonneret \u00e9l\u00e9gant\n\t\t\t\t<\/figcaption><\/figure><figure class='gallery-item'>\n\t\t\t<div class='gallery-icon portrait'>\n\t\t\t\t<a data-elementor-open-lightbox=\"yes\" data-elementor-lightbox-slideshow=\"5405844\" data-elementor-lightbox-title=\"Chardonneret-10-45-712\" data-e-action-hash=\"#elementor-action%3Aaction%3Dlightbox%26settings%3DeyJpZCI6MTg3NCwidXJsIjoiaHR0cDpcL1wvZWx2aW5hbGVtYXVmZi5mclwvd3AtY29udGVudFwvdXBsb2Fkc1wvMjAyNVwvMDJcL1BpY3NhcnRfMjUtMDItMTdfMTktMTAtNDUtNzEyLXNjYWxlZC5qcGciLCJzbGlkZXNob3ciOiI1NDA1ODQ0In0%3D\" href='http:\/\/elvinalemauff.fr\/wp-content\/uploads\/2025\/02\/Picsart_25-02-17_19-10-45-712-scaled.jpg' title=\"\" data-rl_title=\"\" class=\"rl-gallery-link\" data-rl_caption=\"\" data-rel=\"lightbox-gallery-1\"><img loading=\"lazy\" decoding=\"async\" width=\"227\" height=\"300\" src=\"http:\/\/elvinalemauff.fr\/wp-content\/uploads\/2025\/02\/Picsart_25-02-17_19-10-45-712-227x300.jpg\" class=\"attachment-medium size-medium\" alt=\"\" aria-describedby=\"gallery-1-1874\" srcset=\"http:\/\/elvinalemauff.fr\/wp-content\/uploads\/2025\/02\/Picsart_25-02-17_19-10-45-712-227x300.jpg 227w, http:\/\/elvinalemauff.fr\/wp-content\/uploads\/2025\/02\/Picsart_25-02-17_19-10-45-712-775x1024.jpg 775w, http:\/\/elvinalemauff.fr\/wp-content\/uploads\/2025\/02\/Picsart_25-02-17_19-10-45-712-768x1015.jpg 768w, http:\/\/elvinalemauff.fr\/wp-content\/uploads\/2025\/02\/Picsart_25-02-17_19-10-45-712-1162x1536.jpg 1162w, http:\/\/elvinalemauff.fr\/wp-content\/uploads\/2025\/02\/Picsart_25-02-17_19-10-45-712-1549x2048.jpg 1549w, http:\/\/elvinalemauff.fr\/wp-content\/uploads\/2025\/02\/Picsart_25-02-17_19-10-45-712-scaled.jpg 1936w\" sizes=\"(max-width: 227px) 100vw, 227px\" \/><\/a>\n\t\t\t<\/div>\n\t\t\t\t<figcaption class='wp-caption-text gallery-caption' id='gallery-1-1874'>\n\t\t\t\tChardonneret\n\t\t\t\t<\/figcaption><\/figure>\n\t\t<\/div>\n\t\t<\/div>\n\t\t\t\t\t\t<\/div>\n\t\t\t\t<\/div>\n\t\t\t\t\t<\/div>\n\t\t\t\t<\/div>\n\t\t\t\t<\/div>\n\t\t","protected":false},"excerpt":{"rendered":"<p>Chardonneret \u00e9l\u00e9gant Chardonneret \u00e9l\u00e9gant Chardonneret \u00e9l\u00e9gant Chardonneret \u00e9l\u00e9gant Chardonneret \u00e9l\u00e9gant Chardonneret \u00e9l\u00e9gant Chardonneret \u00e9l\u00e9gant Chardonneret \u00e9l\u00e9gant Chardonneret<\/p>\n","protected":false},"author":1,"featured_media":0,"parent":0,"menu_order":0,"comment_status":"closed","ping_status":"closed","template":"","meta":{"footnotes":""},"class_list":["post-2105","page","type-page","status-publish","hentry"],"featured_image_src":"","featured_image_src_square":"","_links":{"self":[{"href":"http:\/\/elvinalemauff.fr\/index.php\/wp-json\/wp\/v2\/pages\/2105","targetHints":{"allow":["GET"]}}],"collection":[{"href":"http:\/\/elvinalemauff.fr\/index.php\/wp-json\/wp\/v2\/pages"}],"about":[{"href":"http:\/\/elvinalemauff.fr\/index.php\/wp-json\/wp\/v2\/types\/page"}],"author":[{"embeddable":true,"href":"http:\/\/elvinalemauff.fr\/index.php\/wp-json\/wp\/v2\/users\/1"}],"replies":[{"embeddable":true,"href":"http:\/\/elvinalemauff.fr\/index.php\/wp-json\/wp\/v2\/comments?post=2105"}],"version-history":[{"count":7,"href":"http:\/\/elvinalemauff.fr\/index.php\/wp-json\/wp\/v2\/pages\/2105\/revisions"}],"predecessor-version":[{"id":2566,"href":"http:\/\/elvinalemauff.fr\/index.php\/wp-json\/wp\/v2\/pages\/2105\/revisions\/2566"}],"wp:attachment":[{"href":"http:\/\/elvinalemauff.fr\/index.php\/wp-json\/wp\/v2\/media?parent=2105"}],"curies":[{"name":"wp","href":"https:\/\/api.w.org\/{rel}","templated":true}]}}