{"id":2119,"date":"2025-04-03T17:11:25","date_gmt":"2025-04-03T15:11:25","guid":{"rendered":"http:\/\/elvinalemauff.fr\/?page_id=2119"},"modified":"2025-04-04T19:41:25","modified_gmt":"2025-04-04T17:41:25","slug":"pouillots","status":"publish","type":"page","link":"http:\/\/elvinalemauff.fr\/index.php\/pouillots\/","title":{"rendered":"Pouillots"},"content":{"rendered":"\t\t<div data-elementor-type=\"wp-page\" data-elementor-id=\"2119\" class=\"elementor elementor-2119\">\n\t\t\t\t<div class=\"elementor-element elementor-element-70da97b e-flex e-con-boxed e-con e-parent\" data-id=\"70da97b\" data-element_type=\"container\" data-e-type=\"container\">\n\t\t\t\t\t<div class=\"e-con-inner\">\n\t\t\t\t<div class=\"elementor-element elementor-element-40a1269 elementor-widget elementor-widget-image-gallery\" data-id=\"40a1269\" data-element_type=\"widget\" data-e-type=\"widget\" data-widget_type=\"image-gallery.default\">\n\t\t\t\t<div class=\"elementor-widget-container\">\n\t\t\t\t\t\t\t<div class=\"elementor-image-gallery\">\n\t\t\t<div id='gallery-1' class='gallery galleryid-2119 gallery-columns-4 gallery-size-medium'><figure class='gallery-item'>\n\t\t\t<div class='gallery-icon portrait'>\n\t\t\t\t<a data-elementor-open-lightbox=\"yes\" data-elementor-lightbox-slideshow=\"40a1269\" data-elementor-lightbox-title=\"Pouillot v\u00e9loce\" data-e-action-hash=\"#elementor-action%3Aaction%3Dlightbox%26settings%3DeyJpZCI6Mjc2LCJ1cmwiOiJodHRwOlwvXC9lbHZpbmFsZW1hdWZmLmZyXC93cC1jb250ZW50XC91cGxvYWRzXC8yMDI1XC8wMlwvcGljc2FydF8yNS0wMi0wMl8xMC00MS01MS00Nzk3ODMyNTQ2MzkxMjExMzI1NDE4LmpwZyIsInNsaWRlc2hvdyI6IjQwYTEyNjkifQ%3D%3D\" href='http:\/\/elvinalemauff.fr\/wp-content\/uploads\/2025\/02\/picsart_25-02-02_10-41-51-4797832546391211325418.jpg' title=\"\" data-rl_title=\"\" class=\"rl-gallery-link\" data-rl_caption=\"\" data-rel=\"lightbox-gallery-1\"><img fetchpriority=\"high\" decoding=\"async\" width=\"200\" height=\"300\" src=\"http:\/\/elvinalemauff.fr\/wp-content\/uploads\/2025\/02\/picsart_25-02-02_10-41-51-4797832546391211325418-200x300.jpg\" class=\"attachment-medium size-medium\" alt=\"\" aria-describedby=\"gallery-1-276\" srcset=\"http:\/\/elvinalemauff.fr\/wp-content\/uploads\/2025\/02\/picsart_25-02-02_10-41-51-4797832546391211325418-200x300.jpg 200w, http:\/\/elvinalemauff.fr\/wp-content\/uploads\/2025\/02\/picsart_25-02-02_10-41-51-4797832546391211325418-682x1024.jpg 682w, http:\/\/elvinalemauff.fr\/wp-content\/uploads\/2025\/02\/picsart_25-02-02_10-41-51-4797832546391211325418-768x1152.jpg 768w, http:\/\/elvinalemauff.fr\/wp-content\/uploads\/2025\/02\/picsart_25-02-02_10-41-51-4797832546391211325418-1024x1536.jpg 1024w, http:\/\/elvinalemauff.fr\/wp-content\/uploads\/2025\/02\/picsart_25-02-02_10-41-51-4797832546391211325418.jpg 1333w\" sizes=\"(max-width: 200px) 100vw, 200px\" \/><\/a>\n\t\t\t<\/div>\n\t\t\t\t<figcaption class='wp-caption-text gallery-caption' id='gallery-1-276'>\n\t\t\t\tPouillot v\u00e9loce\n\t\t\t\t<\/figcaption><\/figure><figure class='gallery-item'>\n\t\t\t<div class='gallery-icon landscape'>\n\t\t\t\t<a data-elementor-open-lightbox=\"yes\" data-elementor-lightbox-slideshow=\"40a1269\" data-elementor-lightbox-title=\"Pouillot v\u00e9loce\" data-e-action-hash=\"#elementor-action%3Aaction%3Dlightbox%26settings%3DeyJpZCI6Mjc3LCJ1cmwiOiJodHRwOlwvXC9lbHZpbmFsZW1hdWZmLmZyXC93cC1jb250ZW50XC91cGxvYWRzXC8yMDI1XC8wMlwvcGljc2FydF8yNS0wMi0wMl8xMC00Mi0zMi00MjQzNDUzMzYyMDEyNjk2NTc3NDQ5LmpwZyIsInNsaWRlc2hvdyI6IjQwYTEyNjkifQ%3D%3D\" href='http:\/\/elvinalemauff.fr\/wp-content\/uploads\/2025\/02\/picsart_25-02-02_10-42-32-4243453362012696577449.jpg' title=\"\" data-rl_title=\"\" class=\"rl-gallery-link\" data-rl_caption=\"\" data-rel=\"lightbox-gallery-1\"><img decoding=\"async\" width=\"300\" height=\"200\" src=\"http:\/\/elvinalemauff.fr\/wp-content\/uploads\/2025\/02\/picsart_25-02-02_10-42-32-4243453362012696577449-300x200.jpg\" class=\"attachment-medium size-medium\" alt=\"\" aria-describedby=\"gallery-1-277\" srcset=\"http:\/\/elvinalemauff.fr\/wp-content\/uploads\/2025\/02\/picsart_25-02-02_10-42-32-4243453362012696577449-300x200.jpg 300w, http:\/\/elvinalemauff.fr\/wp-content\/uploads\/2025\/02\/picsart_25-02-02_10-42-32-4243453362012696577449-1024x682.jpg 1024w, http:\/\/elvinalemauff.fr\/wp-content\/uploads\/2025\/02\/picsart_25-02-02_10-42-32-4243453362012696577449-768x512.jpg 768w, http:\/\/elvinalemauff.fr\/wp-content\/uploads\/2025\/02\/picsart_25-02-02_10-42-32-4243453362012696577449-1536x1024.jpg 1536w, http:\/\/elvinalemauff.fr\/wp-content\/uploads\/2025\/02\/picsart_25-02-02_10-42-32-4243453362012696577449.jpg 2000w\" sizes=\"(max-width: 300px) 100vw, 300px\" \/><\/a>\n\t\t\t<\/div>\n\t\t\t\t<figcaption class='wp-caption-text gallery-caption' id='gallery-1-277'>\n\t\t\t\tPouillot v\u00e9loce\n\t\t\t\t<\/figcaption><\/figure><figure class='gallery-item'>\n\t\t\t<div class='gallery-icon portrait'>\n\t\t\t\t<a data-elementor-open-lightbox=\"yes\" data-elementor-lightbox-slideshow=\"40a1269\" data-elementor-lightbox-title=\"Pouillot v\u00e9loce2_22-14-17-295\" data-e-action-hash=\"#elementor-action%3Aaction%3Dlightbox%26settings%3DeyJpZCI6MjA3NywidXJsIjoiaHR0cDpcL1wvZWx2aW5hbGVtYXVmZi5mclwvd3AtY29udGVudFwvdXBsb2Fkc1wvMjAyNVwvMDRcL1BpY3NhcnRfMjUtMDQtMDJfMjItMTQtMTctMjk1LmpwZyIsInNsaWRlc2hvdyI6IjQwYTEyNjkifQ%3D%3D\" href='http:\/\/elvinalemauff.fr\/wp-content\/uploads\/2025\/04\/Picsart_25-04-02_22-14-17-295.jpg' title=\"\" data-rl_title=\"\" class=\"rl-gallery-link\" data-rl_caption=\"\" data-rel=\"lightbox-gallery-1\"><img decoding=\"async\" width=\"135\" height=\"300\" src=\"http:\/\/elvinalemauff.fr\/wp-content\/uploads\/2025\/04\/Picsart_25-04-02_22-14-17-295-135x300.jpg\" class=\"attachment-medium size-medium\" alt=\"\" aria-describedby=\"gallery-1-2077\" srcset=\"http:\/\/elvinalemauff.fr\/wp-content\/uploads\/2025\/04\/Picsart_25-04-02_22-14-17-295-135x300.jpg 135w, http:\/\/elvinalemauff.fr\/wp-content\/uploads\/2025\/04\/Picsart_25-04-02_22-14-17-295-461x1024.jpg 461w, http:\/\/elvinalemauff.fr\/wp-content\/uploads\/2025\/04\/Picsart_25-04-02_22-14-17-295-768x1707.jpg 768w, http:\/\/elvinalemauff.fr\/wp-content\/uploads\/2025\/04\/Picsart_25-04-02_22-14-17-295-691x1536.jpg 691w, http:\/\/elvinalemauff.fr\/wp-content\/uploads\/2025\/04\/Picsart_25-04-02_22-14-17-295-922x2048.jpg 922w, http:\/\/elvinalemauff.fr\/wp-content\/uploads\/2025\/04\/Picsart_25-04-02_22-14-17-295.jpg 1080w\" sizes=\"(max-width: 135px) 100vw, 135px\" \/><\/a>\n\t\t\t<\/div>\n\t\t\t\t<figcaption class='wp-caption-text gallery-caption' id='gallery-1-2077'>\n\t\t\t\tPouillot v\u00e9loce\n\t\t\t\t<\/figcaption><\/figure><figure class='gallery-item'>\n\t\t\t<div class='gallery-icon portrait'>\n\t\t\t\t<a data-elementor-open-lightbox=\"yes\" data-elementor-lightbox-slideshow=\"40a1269\" data-elementor-lightbox-title=\"pouillot v\u00e9loce2-14-55-386\" data-e-action-hash=\"#elementor-action%3Aaction%3Dlightbox%26settings%3DeyJpZCI6MjA3OCwidXJsIjoiaHR0cDpcL1wvZWx2aW5hbGVtYXVmZi5mclwvd3AtY29udGVudFwvdXBsb2Fkc1wvMjAyNVwvMDRcL1BpY3NhcnRfMjUtMDQtMDJfMjItMTQtNTUtMzg2LmpwZyIsInNsaWRlc2hvdyI6IjQwYTEyNjkifQ%3D%3D\" href='http:\/\/elvinalemauff.fr\/wp-content\/uploads\/2025\/04\/Picsart_25-04-02_22-14-55-386.jpg' title=\"\" data-rl_title=\"\" class=\"rl-gallery-link\" data-rl_caption=\"\" data-rel=\"lightbox-gallery-1\"><img loading=\"lazy\" decoding=\"async\" width=\"135\" height=\"300\" src=\"http:\/\/elvinalemauff.fr\/wp-content\/uploads\/2025\/04\/Picsart_25-04-02_22-14-55-386-135x300.jpg\" class=\"attachment-medium size-medium\" alt=\"\" aria-describedby=\"gallery-1-2078\" srcset=\"http:\/\/elvinalemauff.fr\/wp-content\/uploads\/2025\/04\/Picsart_25-04-02_22-14-55-386-135x300.jpg 135w, http:\/\/elvinalemauff.fr\/wp-content\/uploads\/2025\/04\/Picsart_25-04-02_22-14-55-386-461x1024.jpg 461w, http:\/\/elvinalemauff.fr\/wp-content\/uploads\/2025\/04\/Picsart_25-04-02_22-14-55-386-768x1707.jpg 768w, http:\/\/elvinalemauff.fr\/wp-content\/uploads\/2025\/04\/Picsart_25-04-02_22-14-55-386-691x1536.jpg 691w, http:\/\/elvinalemauff.fr\/wp-content\/uploads\/2025\/04\/Picsart_25-04-02_22-14-55-386-922x2048.jpg 922w, http:\/\/elvinalemauff.fr\/wp-content\/uploads\/2025\/04\/Picsart_25-04-02_22-14-55-386.jpg 1080w\" sizes=\"(max-width: 135px) 100vw, 135px\" \/><\/a>\n\t\t\t<\/div>\n\t\t\t\t<figcaption class='wp-caption-text gallery-caption' id='gallery-1-2078'>\n\t\t\t\tpouillot v\u00e9loce\n\t\t\t\t<\/figcaption><\/figure><figure class='gallery-item'>\n\t\t\t<div class='gallery-icon landscape'>\n\t\t\t\t<a data-elementor-open-lightbox=\"yes\" data-elementor-lightbox-slideshow=\"40a1269\" data-elementor-lightbox-title=\"pouillot3-01_20-27-55-297\" data-e-action-hash=\"#elementor-action%3Aaction%3Dlightbox%26settings%3DeyJpZCI6MjM4MSwidXJsIjoiaHR0cDpcL1wvZWx2aW5hbGVtYXVmZi5mclwvd3AtY29udGVudFwvdXBsb2Fkc1wvMjAyNVwvMDRcL3BvdWlsbG90My0wMV8yMC0yNy01NS0yOTcuanBnIiwic2xpZGVzaG93IjoiNDBhMTI2OSJ9\" href='http:\/\/elvinalemauff.fr\/wp-content\/uploads\/2025\/04\/pouillot3-01_20-27-55-297.jpg' title=\"\" data-rl_title=\"\" class=\"rl-gallery-link\" data-rl_caption=\"\" data-rel=\"lightbox-gallery-1\"><img loading=\"lazy\" decoding=\"async\" width=\"300\" height=\"200\" src=\"http:\/\/elvinalemauff.fr\/wp-content\/uploads\/2025\/04\/pouillot3-01_20-27-55-297-300x200.jpg\" class=\"attachment-medium size-medium\" alt=\"\" aria-describedby=\"gallery-1-2381\" srcset=\"http:\/\/elvinalemauff.fr\/wp-content\/uploads\/2025\/04\/pouillot3-01_20-27-55-297-300x200.jpg 300w, http:\/\/elvinalemauff.fr\/wp-content\/uploads\/2025\/04\/pouillot3-01_20-27-55-297-1024x682.jpg 1024w, http:\/\/elvinalemauff.fr\/wp-content\/uploads\/2025\/04\/pouillot3-01_20-27-55-297-768x512.jpg 768w, http:\/\/elvinalemauff.fr\/wp-content\/uploads\/2025\/04\/pouillot3-01_20-27-55-297-1536x1023.jpg 1536w, http:\/\/elvinalemauff.fr\/wp-content\/uploads\/2025\/04\/pouillot3-01_20-27-55-297-600x400.jpg 600w, http:\/\/elvinalemauff.fr\/wp-content\/uploads\/2025\/04\/pouillot3-01_20-27-55-297.jpg 1621w\" sizes=\"(max-width: 300px) 100vw, 300px\" \/><\/a>\n\t\t\t<\/div>\n\t\t\t\t<figcaption class='wp-caption-text gallery-caption' id='gallery-1-2381'>\n\t\t\t\tPouillot v\u00e9loce\n\t\t\t\t<\/figcaption><\/figure><figure class='gallery-item'>\n\t\t\t<div class='gallery-icon portrait'>\n\t\t\t\t<a data-elementor-open-lightbox=\"yes\" data-elementor-lightbox-slideshow=\"40a1269\" data-elementor-lightbox-title=\"pouillot3-01_20-28-26-932\" data-e-action-hash=\"#elementor-action%3Aaction%3Dlightbox%26settings%3DeyJpZCI6MjM4MiwidXJsIjoiaHR0cDpcL1wvZWx2aW5hbGVtYXVmZi5mclwvd3AtY29udGVudFwvdXBsb2Fkc1wvMjAyNVwvMDRcL3BvdWlsbG90My0wMV8yMC0yOC0yNi05MzIuanBnIiwic2xpZGVzaG93IjoiNDBhMTI2OSJ9\" href='http:\/\/elvinalemauff.fr\/wp-content\/uploads\/2025\/04\/pouillot3-01_20-28-26-932.jpg' title=\"\" data-rl_title=\"\" class=\"rl-gallery-link\" data-rl_caption=\"\" data-rel=\"lightbox-gallery-1\"><img loading=\"lazy\" decoding=\"async\" width=\"200\" height=\"300\" src=\"http:\/\/elvinalemauff.fr\/wp-content\/uploads\/2025\/04\/pouillot3-01_20-28-26-932-200x300.jpg\" class=\"attachment-medium size-medium\" alt=\"\" aria-describedby=\"gallery-1-2382\" srcset=\"http:\/\/elvinalemauff.fr\/wp-content\/uploads\/2025\/04\/pouillot3-01_20-28-26-932-200x300.jpg 200w, http:\/\/elvinalemauff.fr\/wp-content\/uploads\/2025\/04\/pouillot3-01_20-28-26-932-683x1024.jpg 683w, http:\/\/elvinalemauff.fr\/wp-content\/uploads\/2025\/04\/pouillot3-01_20-28-26-932-768x1152.jpg 768w, http:\/\/elvinalemauff.fr\/wp-content\/uploads\/2025\/04\/pouillot3-01_20-28-26-932-1024x1536.jpg 1024w, http:\/\/elvinalemauff.fr\/wp-content\/uploads\/2025\/04\/pouillot3-01_20-28-26-932.jpg 1080w\" sizes=\"(max-width: 200px) 100vw, 200px\" \/><\/a>\n\t\t\t<\/div>\n\t\t\t\t<figcaption class='wp-caption-text gallery-caption' id='gallery-1-2382'>\n\t\t\t\tPouillot v\u00e9loce\n\t\t\t\t<\/figcaption><\/figure>\n\t\t<\/div>\n\t\t<\/div>\n\t\t\t\t\t\t<\/div>\n\t\t\t\t<\/div>\n\t\t\t\t\t<\/div>\n\t\t\t\t<\/div>\n\t\t\t\t<\/div>\n\t\t","protected":false},"excerpt":{"rendered":"<p>Pouillot v\u00e9loce Pouillot v\u00e9loce Pouillot v\u00e9loce pouillot v\u00e9loce Pouillot v\u00e9loce Pouillot v\u00e9loce<\/p>\n","protected":false},"author":1,"featured_media":0,"parent":0,"menu_order":0,"comment_status":"closed","ping_status":"closed","template":"","meta":{"footnotes":""},"class_list":["post-2119","page","type-page","status-publish","hentry"],"featured_image_src":"","featured_image_src_square":"","_links":{"self":[{"href":"http:\/\/elvinalemauff.fr\/index.php\/wp-json\/wp\/v2\/pages\/2119","targetHints":{"allow":["GET"]}}],"collection":[{"href":"http:\/\/elvinalemauff.fr\/index.php\/wp-json\/wp\/v2\/pages"}],"about":[{"href":"http:\/\/elvinalemauff.fr\/index.php\/wp-json\/wp\/v2\/types\/page"}],"author":[{"embeddable":true,"href":"http:\/\/elvinalemauff.fr\/index.php\/wp-json\/wp\/v2\/users\/1"}],"replies":[{"embeddable":true,"href":"http:\/\/elvinalemauff.fr\/index.php\/wp-json\/wp\/v2\/comments?post=2119"}],"version-history":[{"count":13,"href":"http:\/\/elvinalemauff.fr\/index.php\/wp-json\/wp\/v2\/pages\/2119\/revisions"}],"predecessor-version":[{"id":2674,"href":"http:\/\/elvinalemauff.fr\/index.php\/wp-json\/wp\/v2\/pages\/2119\/revisions\/2674"}],"wp:attachment":[{"href":"http:\/\/elvinalemauff.fr\/index.php\/wp-json\/wp\/v2\/media?parent=2119"}],"curies":[{"name":"wp","href":"https:\/\/api.w.org\/{rel}","templated":true}]}}