{"id":2127,"date":"2025-04-03T17:12:53","date_gmt":"2025-04-03T15:12:53","guid":{"rendered":"http:\/\/elvinalemauff.fr\/?page_id=2127"},"modified":"2025-04-04T19:30:58","modified_gmt":"2025-04-04T17:30:58","slug":"fauvettes","status":"publish","type":"page","link":"http:\/\/elvinalemauff.fr\/index.php\/fauvettes\/","title":{"rendered":"Fauvettes"},"content":{"rendered":"\t\t<div data-elementor-type=\"wp-page\" data-elementor-id=\"2127\" class=\"elementor elementor-2127\">\n\t\t\t\t<div class=\"elementor-element elementor-element-40813b0 e-flex e-con-boxed e-con e-parent\" data-id=\"40813b0\" data-element_type=\"container\" data-e-type=\"container\">\n\t\t\t\t\t<div class=\"e-con-inner\">\n\t\t\t\t<div class=\"elementor-element elementor-element-05c94da elementor-widget elementor-widget-image-gallery\" data-id=\"05c94da\" data-element_type=\"widget\" data-e-type=\"widget\" data-widget_type=\"image-gallery.default\">\n\t\t\t\t<div class=\"elementor-widget-container\">\n\t\t\t\t\t\t\t<div class=\"elementor-image-gallery\">\n\t\t\t<div id='gallery-1' class='gallery galleryid-2127 gallery-columns-4 gallery-size-medium'><figure class='gallery-item'>\n\t\t\t<div class='gallery-icon portrait'>\n\t\t\t\t<a data-elementor-open-lightbox=\"yes\" data-elementor-lightbox-slideshow=\"05c94da\" data-elementor-lightbox-title=\"Fauvette \u00e0 t\u00eate noire 1\" data-e-action-hash=\"#elementor-action%3Aaction%3Dlightbox%26settings%3DeyJpZCI6MTk1NSwidXJsIjoiaHR0cDpcL1wvZWx2aW5hbGVtYXVmZi5mclwvd3AtY29udGVudFwvdXBsb2Fkc1wvMjAyNVwvMDRcL1BpY3NhcnRfMjUtMDQtMDJfMjEtNTktMzctMjIyLmpwZyIsInNsaWRlc2hvdyI6IjA1Yzk0ZGEifQ%3D%3D\" href='http:\/\/elvinalemauff.fr\/wp-content\/uploads\/2025\/04\/Picsart_25-04-02_21-59-37-222.jpg' title=\"\" data-rl_title=\"\" class=\"rl-gallery-link\" data-rl_caption=\"\" data-rel=\"lightbox-gallery-1\"><img fetchpriority=\"high\" decoding=\"async\" width=\"200\" height=\"300\" src=\"http:\/\/elvinalemauff.fr\/wp-content\/uploads\/2025\/04\/Picsart_25-04-02_21-59-37-222-200x300.jpg\" class=\"attachment-medium size-medium\" alt=\"\" aria-describedby=\"gallery-1-1955\" srcset=\"http:\/\/elvinalemauff.fr\/wp-content\/uploads\/2025\/04\/Picsart_25-04-02_21-59-37-222-200x300.jpg 200w, http:\/\/elvinalemauff.fr\/wp-content\/uploads\/2025\/04\/Picsart_25-04-02_21-59-37-222-682x1024.jpg 682w, http:\/\/elvinalemauff.fr\/wp-content\/uploads\/2025\/04\/Picsart_25-04-02_21-59-37-222-768x1152.jpg 768w, http:\/\/elvinalemauff.fr\/wp-content\/uploads\/2025\/04\/Picsart_25-04-02_21-59-37-222-1024x1536.jpg 1024w, http:\/\/elvinalemauff.fr\/wp-content\/uploads\/2025\/04\/Picsart_25-04-02_21-59-37-222.jpg 1193w\" sizes=\"(max-width: 200px) 100vw, 200px\" \/><\/a>\n\t\t\t<\/div>\n\t\t\t\t<figcaption class='wp-caption-text gallery-caption' id='gallery-1-1955'>\n\t\t\t\tFauvette \u00e0 t\u00eate noire \n\t\t\t\t<\/figcaption><\/figure><figure class='gallery-item'>\n\t\t\t<div class='gallery-icon portrait'>\n\t\t\t\t<a data-elementor-open-lightbox=\"yes\" data-elementor-lightbox-slideshow=\"05c94da\" data-elementor-lightbox-title=\"Fauvette \u00e0 t\u00eate noire_21-57-11-878\" data-e-action-hash=\"#elementor-action%3Aaction%3Dlightbox%26settings%3DeyJpZCI6MjA3MSwidXJsIjoiaHR0cDpcL1wvZWx2aW5hbGVtYXVmZi5mclwvd3AtY29udGVudFwvdXBsb2Fkc1wvMjAyNVwvMDRcL1BpY3NhcnRfMjUtMDQtMDJfMjEtNTctMTEtODc4LmpwZyIsInNsaWRlc2hvdyI6IjA1Yzk0ZGEifQ%3D%3D\" href='http:\/\/elvinalemauff.fr\/wp-content\/uploads\/2025\/04\/Picsart_25-04-02_21-57-11-878.jpg' title=\"\" data-rl_title=\"\" class=\"rl-gallery-link\" data-rl_caption=\"\" data-rel=\"lightbox-gallery-1\"><img decoding=\"async\" width=\"200\" height=\"300\" src=\"http:\/\/elvinalemauff.fr\/wp-content\/uploads\/2025\/04\/Picsart_25-04-02_21-57-11-878-200x300.jpg\" class=\"attachment-medium size-medium\" alt=\"\" aria-describedby=\"gallery-1-2071\" srcset=\"http:\/\/elvinalemauff.fr\/wp-content\/uploads\/2025\/04\/Picsart_25-04-02_21-57-11-878-200x300.jpg 200w, http:\/\/elvinalemauff.fr\/wp-content\/uploads\/2025\/04\/Picsart_25-04-02_21-57-11-878-683x1024.jpg 683w, http:\/\/elvinalemauff.fr\/wp-content\/uploads\/2025\/04\/Picsart_25-04-02_21-57-11-878-768x1151.jpg 768w, http:\/\/elvinalemauff.fr\/wp-content\/uploads\/2025\/04\/Picsart_25-04-02_21-57-11-878-1025x1536.jpg 1025w, http:\/\/elvinalemauff.fr\/wp-content\/uploads\/2025\/04\/Picsart_25-04-02_21-57-11-878.jpg 1080w\" sizes=\"(max-width: 200px) 100vw, 200px\" \/><\/a>\n\t\t\t<\/div>\n\t\t\t\t<figcaption class='wp-caption-text gallery-caption' id='gallery-1-2071'>\n\t\t\t\tFauvette \u00e0 t\u00eate noire\n\t\t\t\t<\/figcaption><\/figure><figure class='gallery-item'>\n\t\t\t<div class='gallery-icon portrait'>\n\t\t\t\t<a data-elementor-open-lightbox=\"yes\" data-elementor-lightbox-slideshow=\"05c94da\" data-elementor-lightbox-title=\"Fauvette \u00e0 t\u00eate noire02_21-58-24-272\" data-e-action-hash=\"#elementor-action%3Aaction%3Dlightbox%26settings%3DeyJpZCI6MjA3MiwidXJsIjoiaHR0cDpcL1wvZWx2aW5hbGVtYXVmZi5mclwvd3AtY29udGVudFwvdXBsb2Fkc1wvMjAyNVwvMDRcL1BpY3NhcnRfMjUtMDQtMDJfMjEtNTgtMjQtMjcyLmpwZyIsInNsaWRlc2hvdyI6IjA1Yzk0ZGEifQ%3D%3D\" href='http:\/\/elvinalemauff.fr\/wp-content\/uploads\/2025\/04\/Picsart_25-04-02_21-58-24-272.jpg' title=\"\" data-rl_title=\"\" class=\"rl-gallery-link\" data-rl_caption=\"\" data-rel=\"lightbox-gallery-1\"><img decoding=\"async\" width=\"200\" height=\"300\" src=\"http:\/\/elvinalemauff.fr\/wp-content\/uploads\/2025\/04\/Picsart_25-04-02_21-58-24-272-200x300.jpg\" class=\"attachment-medium size-medium\" alt=\"\" aria-describedby=\"gallery-1-2072\" srcset=\"http:\/\/elvinalemauff.fr\/wp-content\/uploads\/2025\/04\/Picsart_25-04-02_21-58-24-272-200x300.jpg 200w, http:\/\/elvinalemauff.fr\/wp-content\/uploads\/2025\/04\/Picsart_25-04-02_21-58-24-272-683x1024.jpg 683w, http:\/\/elvinalemauff.fr\/wp-content\/uploads\/2025\/04\/Picsart_25-04-02_21-58-24-272-768x1152.jpg 768w, http:\/\/elvinalemauff.fr\/wp-content\/uploads\/2025\/04\/Picsart_25-04-02_21-58-24-272-1024x1536.jpg 1024w, http:\/\/elvinalemauff.fr\/wp-content\/uploads\/2025\/04\/Picsart_25-04-02_21-58-24-272.jpg 1109w\" sizes=\"(max-width: 200px) 100vw, 200px\" \/><\/a>\n\t\t\t<\/div>\n\t\t\t\t<figcaption class='wp-caption-text gallery-caption' id='gallery-1-2072'>\n\t\t\t\tFauvette \u00e0 t\u00eate noire\n\t\t\t\t<\/figcaption><\/figure><figure class='gallery-item'>\n\t\t\t<div class='gallery-icon portrait'>\n\t\t\t\t<a data-elementor-open-lightbox=\"yes\" data-elementor-lightbox-slideshow=\"05c94da\" data-elementor-lightbox-title=\"Fauvette \u00e0 t\u00eate noire22-00-03-306\" data-e-action-hash=\"#elementor-action%3Aaction%3Dlightbox%26settings%3DeyJpZCI6MjA3NCwidXJsIjoiaHR0cDpcL1wvZWx2aW5hbGVtYXVmZi5mclwvd3AtY29udGVudFwvdXBsb2Fkc1wvMjAyNVwvMDRcL1BpY3NhcnRfMjUtMDQtMDJfMjItMDAtMDMtMzA2LmpwZyIsInNsaWRlc2hvdyI6IjA1Yzk0ZGEifQ%3D%3D\" href='http:\/\/elvinalemauff.fr\/wp-content\/uploads\/2025\/04\/Picsart_25-04-02_22-00-03-306.jpg' title=\"\" data-rl_title=\"\" class=\"rl-gallery-link\" data-rl_caption=\"\" data-rel=\"lightbox-gallery-1\"><img loading=\"lazy\" decoding=\"async\" width=\"200\" height=\"300\" src=\"http:\/\/elvinalemauff.fr\/wp-content\/uploads\/2025\/04\/Picsart_25-04-02_22-00-03-306-200x300.jpg\" class=\"attachment-medium size-medium\" alt=\"\" aria-describedby=\"gallery-1-2074\" srcset=\"http:\/\/elvinalemauff.fr\/wp-content\/uploads\/2025\/04\/Picsart_25-04-02_22-00-03-306-200x300.jpg 200w, http:\/\/elvinalemauff.fr\/wp-content\/uploads\/2025\/04\/Picsart_25-04-02_22-00-03-306-683x1024.jpg 683w, http:\/\/elvinalemauff.fr\/wp-content\/uploads\/2025\/04\/Picsart_25-04-02_22-00-03-306-768x1152.jpg 768w, http:\/\/elvinalemauff.fr\/wp-content\/uploads\/2025\/04\/Picsart_25-04-02_22-00-03-306-1024x1536.jpg 1024w, http:\/\/elvinalemauff.fr\/wp-content\/uploads\/2025\/04\/Picsart_25-04-02_22-00-03-306.jpg 1296w\" sizes=\"(max-width: 200px) 100vw, 200px\" \/><\/a>\n\t\t\t<\/div>\n\t\t\t\t<figcaption class='wp-caption-text gallery-caption' id='gallery-1-2074'>\n\t\t\t\tFauvette \u00e0 t\u00eate noire\n\t\t\t\t<\/figcaption><\/figure>\n\t\t<\/div>\n\t\t<\/div>\n\t\t\t\t\t\t<\/div>\n\t\t\t\t<\/div>\n\t\t\t\t\t<\/div>\n\t\t\t\t<\/div>\n\t\t\t\t<\/div>\n\t\t","protected":false},"excerpt":{"rendered":"<p>Fauvette \u00e0 t\u00eate noire Fauvette \u00e0 t\u00eate noire Fauvette \u00e0 t\u00eate noire Fauvette \u00e0 t\u00eate noire<\/p>\n","protected":false},"author":1,"featured_media":0,"parent":0,"menu_order":0,"comment_status":"closed","ping_status":"closed","template":"","meta":{"footnotes":""},"class_list":["post-2127","page","type-page","status-publish","hentry"],"featured_image_src":"","featured_image_src_square":"","_links":{"self":[{"href":"http:\/\/elvinalemauff.fr\/index.php\/wp-json\/wp\/v2\/pages\/2127","targetHints":{"allow":["GET"]}}],"collection":[{"href":"http:\/\/elvinalemauff.fr\/index.php\/wp-json\/wp\/v2\/pages"}],"about":[{"href":"http:\/\/elvinalemauff.fr\/index.php\/wp-json\/wp\/v2\/types\/page"}],"author":[{"embeddable":true,"href":"http:\/\/elvinalemauff.fr\/index.php\/wp-json\/wp\/v2\/users\/1"}],"replies":[{"embeddable":true,"href":"http:\/\/elvinalemauff.fr\/index.php\/wp-json\/wp\/v2\/comments?post=2127"}],"version-history":[{"count":10,"href":"http:\/\/elvinalemauff.fr\/index.php\/wp-json\/wp\/v2\/pages\/2127\/revisions"}],"predecessor-version":[{"id":2596,"href":"http:\/\/elvinalemauff.fr\/index.php\/wp-json\/wp\/v2\/pages\/2127\/revisions\/2596"}],"wp:attachment":[{"href":"http:\/\/elvinalemauff.fr\/index.php\/wp-json\/wp\/v2\/media?parent=2127"}],"curies":[{"name":"wp","href":"https:\/\/api.w.org\/{rel}","templated":true}]}}