{"id":2427,"date":"2025-04-04T18:12:02","date_gmt":"2025-04-04T16:12:02","guid":{"rendered":"http:\/\/elvinalemauff.fr\/?page_id=2427"},"modified":"2025-04-04T19:36:41","modified_gmt":"2025-04-04T17:36:41","slug":"my-fav-macro","status":"publish","type":"page","link":"http:\/\/elvinalemauff.fr\/index.php\/my-fav-macro\/","title":{"rendered":"My fav&#8217; (macro)"},"content":{"rendered":"\t\t<div data-elementor-type=\"wp-page\" data-elementor-id=\"2427\" class=\"elementor elementor-2427\">\n\t\t\t\t<div class=\"elementor-element elementor-element-a05b250 e-flex e-con-boxed e-con e-parent\" data-id=\"a05b250\" data-element_type=\"container\" data-e-type=\"container\">\n\t\t\t\t\t<div class=\"e-con-inner\">\n\t\t\t\t<div class=\"elementor-element elementor-element-b6fbb7e elementor-widget elementor-widget-text-editor\" data-id=\"b6fbb7e\" data-element_type=\"widget\" data-e-type=\"widget\" data-widget_type=\"text-editor.default\">\n\t\t\t\t<div class=\"elementor-widget-container\">\n\t\t\t\t\t\t\t\t\t<h5>Ce sont mes images favorites ! <br \/>Mais retrouvez les autres dans chaque cat\u00e9gorie !<\/h5><p>These are my favorite pictures! <br \/>But you can find others in each category!<\/p>\t\t\t\t\t\t\t\t<\/div>\n\t\t\t\t<\/div>\n\t\t\t\t\t<\/div>\n\t\t\t\t<\/div>\n\t\t<div class=\"elementor-element elementor-element-22c96b3 e-flex e-con-boxed e-con e-parent\" data-id=\"22c96b3\" data-element_type=\"container\" data-e-type=\"container\">\n\t\t\t\t\t<div class=\"e-con-inner\">\n\t\t\t\t<div class=\"elementor-element elementor-element-4c4900c elementor-widget elementor-widget-image-gallery\" data-id=\"4c4900c\" data-element_type=\"widget\" data-e-type=\"widget\" data-widget_type=\"image-gallery.default\">\n\t\t\t\t<div class=\"elementor-widget-container\">\n\t\t\t\t\t\t\t<div class=\"elementor-image-gallery\">\n\t\t\t<div id='gallery-1' class='gallery galleryid-2427 gallery-columns-4 gallery-size-medium'><figure class='gallery-item'>\n\t\t\t<div class='gallery-icon landscape'>\n\t\t\t\t<a data-elementor-open-lightbox=\"yes\" data-elementor-lightbox-slideshow=\"4c4900c\" data-elementor-lightbox-title=\"osmie03-10_20-52-05-159\" data-e-action-hash=\"#elementor-action%3Aaction%3Dlightbox%26settings%3DeyJpZCI6MjM3MCwidXJsIjoiaHR0cDpcL1wvZWx2aW5hbGVtYXVmZi5mclwvd3AtY29udGVudFwvdXBsb2Fkc1wvMjAyNVwvMDRcL29zbWllMDMtMTBfMjAtNTItMDUtMTU5LmpwZyIsInNsaWRlc2hvdyI6IjRjNDkwMGMifQ%3D%3D\" href='http:\/\/elvinalemauff.fr\/wp-content\/uploads\/2025\/04\/osmie03-10_20-52-05-159.jpg' title=\"\" data-rl_title=\"\" class=\"rl-gallery-link\" data-rl_caption=\"\" data-rel=\"lightbox-gallery-1\"><img fetchpriority=\"high\" decoding=\"async\" width=\"300\" height=\"200\" src=\"http:\/\/elvinalemauff.fr\/wp-content\/uploads\/2025\/04\/osmie03-10_20-52-05-159-300x200.jpg\" class=\"attachment-medium size-medium\" alt=\"\" aria-describedby=\"gallery-1-2370\" srcset=\"http:\/\/elvinalemauff.fr\/wp-content\/uploads\/2025\/04\/osmie03-10_20-52-05-159-300x200.jpg 300w, http:\/\/elvinalemauff.fr\/wp-content\/uploads\/2025\/04\/osmie03-10_20-52-05-159-1024x683.jpg 1024w, http:\/\/elvinalemauff.fr\/wp-content\/uploads\/2025\/04\/osmie03-10_20-52-05-159-768x512.jpg 768w, http:\/\/elvinalemauff.fr\/wp-content\/uploads\/2025\/04\/osmie03-10_20-52-05-159-1536x1024.jpg 1536w, http:\/\/elvinalemauff.fr\/wp-content\/uploads\/2025\/04\/osmie03-10_20-52-05-159-600x400.jpg 600w, http:\/\/elvinalemauff.fr\/wp-content\/uploads\/2025\/04\/osmie03-10_20-52-05-159.jpg 1738w\" sizes=\"(max-width: 300px) 100vw, 300px\" \/><\/a>\n\t\t\t<\/div>\n\t\t\t\t<figcaption class='wp-caption-text gallery-caption' id='gallery-1-2370'>\n\t\t\t\tOsmie cornue\n\t\t\t\t<\/figcaption><\/figure><figure class='gallery-item'>\n\t\t\t<div class='gallery-icon portrait'>\n\t\t\t\t<a data-elementor-open-lightbox=\"yes\" data-elementor-lightbox-slideshow=\"4c4900c\" data-elementor-lightbox-title=\"Tachinaire sauvage2-57-08-822\" data-e-action-hash=\"#elementor-action%3Aaction%3Dlightbox%26settings%3DeyJpZCI6MjMyNywidXJsIjoiaHR0cDpcL1wvZWx2aW5hbGVtYXVmZi5mclwvd3AtY29udGVudFwvdXBsb2Fkc1wvMjAyNVwvMDRcL1BpY3NhcnRfMjUtMDQtMDJfMjItNTctMDgtODIyLmpwZyIsInNsaWRlc2hvdyI6IjRjNDkwMGMifQ%3D%3D\" href='http:\/\/elvinalemauff.fr\/wp-content\/uploads\/2025\/04\/Picsart_25-04-02_22-57-08-822.jpg' title=\"\" data-rl_title=\"\" class=\"rl-gallery-link\" data-rl_caption=\"\" data-rel=\"lightbox-gallery-1\"><img decoding=\"async\" width=\"184\" height=\"300\" src=\"http:\/\/elvinalemauff.fr\/wp-content\/uploads\/2025\/04\/Picsart_25-04-02_22-57-08-822-184x300.jpg\" class=\"attachment-medium size-medium\" alt=\"\" aria-describedby=\"gallery-1-2327\" srcset=\"http:\/\/elvinalemauff.fr\/wp-content\/uploads\/2025\/04\/Picsart_25-04-02_22-57-08-822-184x300.jpg 184w, http:\/\/elvinalemauff.fr\/wp-content\/uploads\/2025\/04\/Picsart_25-04-02_22-57-08-822-627x1024.jpg 627w, http:\/\/elvinalemauff.fr\/wp-content\/uploads\/2025\/04\/Picsart_25-04-02_22-57-08-822-768x1254.jpg 768w, http:\/\/elvinalemauff.fr\/wp-content\/uploads\/2025\/04\/Picsart_25-04-02_22-57-08-822-940x1536.jpg 940w, http:\/\/elvinalemauff.fr\/wp-content\/uploads\/2025\/04\/Picsart_25-04-02_22-57-08-822.jpg 1080w\" sizes=\"(max-width: 184px) 100vw, 184px\" \/><\/a>\n\t\t\t<\/div>\n\t\t\t\t<figcaption class='wp-caption-text gallery-caption' id='gallery-1-2327'>\n\t\t\t\tTachinaire sauvage\n\t\t\t\t<\/figcaption><\/figure><figure class='gallery-item'>\n\t\t\t<div class='gallery-icon landscape'>\n\t\t\t\t<a data-elementor-open-lightbox=\"yes\" data-elementor-lightbox-slideshow=\"4c4900c\" data-elementor-lightbox-title=\"Sauterelle14-24-871\" data-e-action-hash=\"#elementor-action%3Aaction%3Dlightbox%26settings%3DeyJpZCI6MjA1MSwidXJsIjoiaHR0cDpcL1wvZWx2aW5hbGVtYXVmZi5mclwvd3AtY29udGVudFwvdXBsb2Fkc1wvMjAyNVwvMDRcL1BpY3NhcnRfMjUtMDQtMDJfMjAtMTQtMjQtODcxLmpwZyIsInNsaWRlc2hvdyI6IjRjNDkwMGMifQ%3D%3D\" href='http:\/\/elvinalemauff.fr\/wp-content\/uploads\/2025\/04\/Picsart_25-04-02_20-14-24-871.jpg' title=\"\" data-rl_title=\"\" class=\"rl-gallery-link\" data-rl_caption=\"\" data-rel=\"lightbox-gallery-1\"><img decoding=\"async\" width=\"300\" height=\"200\" src=\"http:\/\/elvinalemauff.fr\/wp-content\/uploads\/2025\/04\/Picsart_25-04-02_20-14-24-871-300x200.jpg\" class=\"attachment-medium size-medium\" alt=\"\" aria-describedby=\"gallery-1-2051\" srcset=\"http:\/\/elvinalemauff.fr\/wp-content\/uploads\/2025\/04\/Picsart_25-04-02_20-14-24-871-300x200.jpg 300w, http:\/\/elvinalemauff.fr\/wp-content\/uploads\/2025\/04\/Picsart_25-04-02_20-14-24-871-1024x683.jpg 1024w, http:\/\/elvinalemauff.fr\/wp-content\/uploads\/2025\/04\/Picsart_25-04-02_20-14-24-871-768x512.jpg 768w, http:\/\/elvinalemauff.fr\/wp-content\/uploads\/2025\/04\/Picsart_25-04-02_20-14-24-871-1536x1024.jpg 1536w, http:\/\/elvinalemauff.fr\/wp-content\/uploads\/2025\/04\/Picsart_25-04-02_20-14-24-871-2048x1365.jpg 2048w, http:\/\/elvinalemauff.fr\/wp-content\/uploads\/2025\/04\/Picsart_25-04-02_20-14-24-871-600x400.jpg 600w\" sizes=\"(max-width: 300px) 100vw, 300px\" \/><\/a>\n\t\t\t<\/div>\n\t\t\t\t<figcaption class='wp-caption-text gallery-caption' id='gallery-1-2051'>\n\t\t\t\tSauterelle\n\t\t\t\t<\/figcaption><\/figure><figure class='gallery-item'>\n\t\t\t<div class='gallery-icon portrait'>\n\t\t\t\t<a data-elementor-open-lightbox=\"yes\" data-elementor-lightbox-slideshow=\"4c4900c\" data-elementor-lightbox-title=\"Papillon4543\" data-e-action-hash=\"#elementor-action%3Aaction%3Dlightbox%26settings%3DeyJpZCI6OTUxLCJ1cmwiOiJodHRwOlwvXC9lbHZpbmFsZW1hdWZmLmZyXC93cC1jb250ZW50XC91cGxvYWRzXC8yMDI1XC8wMlwvRkJfSU1HXzE3MzM2MTAxNTQ3NzguanBnIiwic2xpZGVzaG93IjoiNGM0OTAwYyJ9\" href='http:\/\/elvinalemauff.fr\/wp-content\/uploads\/2025\/02\/FB_IMG_1733610154778.jpg' title=\"\" data-rl_title=\"\" class=\"rl-gallery-link\" data-rl_caption=\"\" data-rel=\"lightbox-gallery-1\"><img loading=\"lazy\" decoding=\"async\" width=\"135\" height=\"300\" src=\"http:\/\/elvinalemauff.fr\/wp-content\/uploads\/2025\/02\/FB_IMG_1733610154778-135x300.jpg\" class=\"attachment-medium size-medium\" alt=\"\" aria-describedby=\"gallery-1-951\" srcset=\"http:\/\/elvinalemauff.fr\/wp-content\/uploads\/2025\/02\/FB_IMG_1733610154778-135x300.jpg 135w, http:\/\/elvinalemauff.fr\/wp-content\/uploads\/2025\/02\/FB_IMG_1733610154778-461x1024.jpg 461w, http:\/\/elvinalemauff.fr\/wp-content\/uploads\/2025\/02\/FB_IMG_1733610154778-768x1706.jpg 768w, http:\/\/elvinalemauff.fr\/wp-content\/uploads\/2025\/02\/FB_IMG_1733610154778-692x1536.jpg 692w, http:\/\/elvinalemauff.fr\/wp-content\/uploads\/2025\/02\/FB_IMG_1733610154778.jpg 922w\" sizes=\"(max-width: 135px) 100vw, 135px\" \/><\/a>\n\t\t\t<\/div>\n\t\t\t\t<figcaption class='wp-caption-text gallery-caption' id='gallery-1-951'>\n\t\t\t\tPapillon\n\t\t\t\t<\/figcaption><\/figure><figure class='gallery-item'>\n\t\t\t<div class='gallery-icon portrait'>\n\t\t\t\t<a data-elementor-open-lightbox=\"yes\" data-elementor-lightbox-slideshow=\"4c4900c\" data-elementor-lightbox-title=\"Euc\u00e8re1082\" data-e-action-hash=\"#elementor-action%3Aaction%3Dlightbox%26settings%3DeyJpZCI6OTM0LCJ1cmwiOiJodHRwOlwvXC9lbHZpbmFsZW1hdWZmLmZyXC93cC1jb250ZW50XC91cGxvYWRzXC8yMDI1XC8wMlwvMDAwMDEwODIuanBnIiwic2xpZGVzaG93IjoiNGM0OTAwYyJ9\" href='http:\/\/elvinalemauff.fr\/wp-content\/uploads\/2025\/02\/00001082.jpg' title=\"\" data-rl_title=\"\" class=\"rl-gallery-link\" data-rl_caption=\"\" data-rel=\"lightbox-gallery-1\"><img loading=\"lazy\" decoding=\"async\" width=\"200\" height=\"300\" src=\"http:\/\/elvinalemauff.fr\/wp-content\/uploads\/2025\/02\/00001082-200x300.jpg\" class=\"attachment-medium size-medium\" alt=\"\" aria-describedby=\"gallery-1-934\" srcset=\"http:\/\/elvinalemauff.fr\/wp-content\/uploads\/2025\/02\/00001082-200x300.jpg 200w, http:\/\/elvinalemauff.fr\/wp-content\/uploads\/2025\/02\/00001082-682x1024.jpg 682w, http:\/\/elvinalemauff.fr\/wp-content\/uploads\/2025\/02\/00001082-768x1152.jpg 768w, http:\/\/elvinalemauff.fr\/wp-content\/uploads\/2025\/02\/00001082-1024x1536.jpg 1024w, http:\/\/elvinalemauff.fr\/wp-content\/uploads\/2025\/02\/00001082.jpg 1331w\" sizes=\"(max-width: 200px) 100vw, 200px\" \/><\/a>\n\t\t\t<\/div>\n\t\t\t\t<figcaption class='wp-caption-text gallery-caption' id='gallery-1-934'>\n\t\t\t\tEuc\u00e8re\n\t\t\t\t<\/figcaption><\/figure><figure class='gallery-item'>\n\t\t\t<div class='gallery-icon portrait'>\n\t\t\t\t<a data-elementor-open-lightbox=\"yes\" data-elementor-lightbox-slideshow=\"4c4900c\" data-elementor-lightbox-title=\"Gu\u00eape germanique\" data-e-action-hash=\"#elementor-action%3Aaction%3Dlightbox%26settings%3DeyJpZCI6MzM1LCJ1cmwiOiJodHRwOlwvXC9lbHZpbmFsZW1hdWZmLmZyXC93cC1jb250ZW50XC91cGxvYWRzXC8yMDI1XC8wMlwvUGljc2FydF8yNC0wOS0wN18yMi01Mi0zOS0xMzkuanBnIiwic2xpZGVzaG93IjoiNGM0OTAwYyJ9\" href='http:\/\/elvinalemauff.fr\/wp-content\/uploads\/2025\/02\/Picsart_24-09-07_22-52-39-139.jpg' title=\"\" data-rl_title=\"\" class=\"rl-gallery-link\" data-rl_caption=\"\" data-rel=\"lightbox-gallery-1\"><img loading=\"lazy\" decoding=\"async\" width=\"200\" height=\"300\" src=\"http:\/\/elvinalemauff.fr\/wp-content\/uploads\/2025\/02\/Picsart_24-09-07_22-52-39-139-200x300.jpg\" class=\"attachment-medium size-medium\" alt=\"\" aria-describedby=\"gallery-1-335\" srcset=\"http:\/\/elvinalemauff.fr\/wp-content\/uploads\/2025\/02\/Picsart_24-09-07_22-52-39-139-200x300.jpg 200w, http:\/\/elvinalemauff.fr\/wp-content\/uploads\/2025\/02\/Picsart_24-09-07_22-52-39-139-683x1024.jpg 683w, http:\/\/elvinalemauff.fr\/wp-content\/uploads\/2025\/02\/Picsart_24-09-07_22-52-39-139-768x1152.jpg 768w, http:\/\/elvinalemauff.fr\/wp-content\/uploads\/2025\/02\/Picsart_24-09-07_22-52-39-139-1024x1536.jpg 1024w, http:\/\/elvinalemauff.fr\/wp-content\/uploads\/2025\/02\/Picsart_24-09-07_22-52-39-139.jpg 1266w\" sizes=\"(max-width: 200px) 100vw, 200px\" \/><\/a>\n\t\t\t<\/div>\n\t\t\t\t<figcaption class='wp-caption-text gallery-caption' id='gallery-1-335'>\n\t\t\t\tGu\u00eape germanique\n\t\t\t\t<\/figcaption><\/figure><figure class='gallery-item'>\n\t\t\t<div class='gallery-icon portrait'>\n\t\t\t\t<a data-elementor-open-lightbox=\"yes\" data-elementor-lightbox-slideshow=\"4c4900c\" data-elementor-lightbox-title=\"Libellule\" data-e-action-hash=\"#elementor-action%3Aaction%3Dlightbox%26settings%3DeyJpZCI6MzMzLCJ1cmwiOiJodHRwOlwvXC9lbHZpbmFsZW1hdWZmLmZyXC93cC1jb250ZW50XC91cGxvYWRzXC8yMDI1XC8wMlwvMDAwMDEzOTYtcm90YXRlZC5qcGciLCJzbGlkZXNob3ciOiI0YzQ5MDBjIn0%3D\" href='http:\/\/elvinalemauff.fr\/wp-content\/uploads\/2025\/02\/00001396-rotated.jpg' title=\"\" data-rl_title=\"\" class=\"rl-gallery-link\" data-rl_caption=\"\" data-rel=\"lightbox-gallery-1\"><img loading=\"lazy\" decoding=\"async\" width=\"200\" height=\"300\" src=\"http:\/\/elvinalemauff.fr\/wp-content\/uploads\/2025\/02\/00001396-200x300.jpg\" class=\"attachment-medium size-medium\" alt=\"\" aria-describedby=\"gallery-1-333\" srcset=\"http:\/\/elvinalemauff.fr\/wp-content\/uploads\/2025\/02\/00001396-200x300.jpg 200w, http:\/\/elvinalemauff.fr\/wp-content\/uploads\/2025\/02\/00001396-683x1024.jpg 683w, http:\/\/elvinalemauff.fr\/wp-content\/uploads\/2025\/02\/00001396-768x1152.jpg 768w, http:\/\/elvinalemauff.fr\/wp-content\/uploads\/2025\/02\/00001396-1024x1536.jpg 1024w, http:\/\/elvinalemauff.fr\/wp-content\/uploads\/2025\/02\/00001396-rotated.jpg 1140w\" sizes=\"(max-width: 200px) 100vw, 200px\" \/><\/a>\n\t\t\t<\/div>\n\t\t\t\t<figcaption class='wp-caption-text gallery-caption' id='gallery-1-333'>\n\t\t\t\tLibellule\n\t\t\t\t<\/figcaption><\/figure><figure class='gallery-item'>\n\t\t\t<div class='gallery-icon landscape'>\n\t\t\t\t<a data-elementor-open-lightbox=\"yes\" data-elementor-lightbox-slideshow=\"4c4900c\" data-elementor-lightbox-title=\"Abeilles euc\u00e8res\" data-e-action-hash=\"#elementor-action%3Aaction%3Dlightbox%26settings%3DeyJpZCI6MzM2LCJ1cmwiOiJodHRwOlwvXC9lbHZpbmFsZW1hdWZmLmZyXC93cC1jb250ZW50XC91cGxvYWRzXC8yMDI1XC8wMlwvUGljc2FydF8yNC0wOS0wN18yMi01Ny0yMi04NTMuanBnIiwic2xpZGVzaG93IjoiNGM0OTAwYyJ9\" href='http:\/\/elvinalemauff.fr\/wp-content\/uploads\/2025\/02\/Picsart_24-09-07_22-57-22-853.jpg' title=\"\" data-rl_title=\"\" class=\"rl-gallery-link\" data-rl_caption=\"\" data-rel=\"lightbox-gallery-1\"><img loading=\"lazy\" decoding=\"async\" width=\"300\" height=\"200\" src=\"http:\/\/elvinalemauff.fr\/wp-content\/uploads\/2025\/02\/Picsart_24-09-07_22-57-22-853-300x200.jpg\" class=\"attachment-medium size-medium\" alt=\"\" aria-describedby=\"gallery-1-336\" srcset=\"http:\/\/elvinalemauff.fr\/wp-content\/uploads\/2025\/02\/Picsart_24-09-07_22-57-22-853-300x200.jpg 300w, http:\/\/elvinalemauff.fr\/wp-content\/uploads\/2025\/02\/Picsart_24-09-07_22-57-22-853-1024x682.jpg 1024w, http:\/\/elvinalemauff.fr\/wp-content\/uploads\/2025\/02\/Picsart_24-09-07_22-57-22-853-768x512.jpg 768w, http:\/\/elvinalemauff.fr\/wp-content\/uploads\/2025\/02\/Picsart_24-09-07_22-57-22-853-1536x1024.jpg 1536w, http:\/\/elvinalemauff.fr\/wp-content\/uploads\/2025\/02\/Picsart_24-09-07_22-57-22-853.jpg 1643w\" sizes=\"(max-width: 300px) 100vw, 300px\" \/><\/a>\n\t\t\t<\/div>\n\t\t\t\t<figcaption class='wp-caption-text gallery-caption' id='gallery-1-336'>\n\t\t\t\tAbeilles euc\u00e8res\n\t\t\t\t<\/figcaption><\/figure><figure class='gallery-item'>\n\t\t\t<div class='gallery-icon landscape'>\n\t\t\t\t<a data-elementor-open-lightbox=\"yes\" data-elementor-lightbox-slideshow=\"4c4900c\" data-elementor-lightbox-title=\"Thomise enfl\u00e9e\" data-e-action-hash=\"#elementor-action%3Aaction%3Dlightbox%26settings%3DeyJpZCI6MzM3LCJ1cmwiOiJodHRwOlwvXC9lbHZpbmFsZW1hdWZmLmZyXC93cC1jb250ZW50XC91cGxvYWRzXC8yMDI1XC8wMlwvUGljc2FydF8yNC0wOS0wN18yMy0wMy0xNy0xMzQuanBnIiwic2xpZGVzaG93IjoiNGM0OTAwYyJ9\" href='http:\/\/elvinalemauff.fr\/wp-content\/uploads\/2025\/02\/Picsart_24-09-07_23-03-17-134.jpg' title=\"\" data-rl_title=\"\" class=\"rl-gallery-link\" data-rl_caption=\"\" data-rel=\"lightbox-gallery-1\"><img loading=\"lazy\" decoding=\"async\" width=\"300\" height=\"200\" src=\"http:\/\/elvinalemauff.fr\/wp-content\/uploads\/2025\/02\/Picsart_24-09-07_23-03-17-134-300x200.jpg\" class=\"attachment-medium size-medium\" alt=\"\" aria-describedby=\"gallery-1-337\" srcset=\"http:\/\/elvinalemauff.fr\/wp-content\/uploads\/2025\/02\/Picsart_24-09-07_23-03-17-134-300x200.jpg 300w, http:\/\/elvinalemauff.fr\/wp-content\/uploads\/2025\/02\/Picsart_24-09-07_23-03-17-134-1024x683.jpg 1024w, http:\/\/elvinalemauff.fr\/wp-content\/uploads\/2025\/02\/Picsart_24-09-07_23-03-17-134-768x512.jpg 768w, http:\/\/elvinalemauff.fr\/wp-content\/uploads\/2025\/02\/Picsart_24-09-07_23-03-17-134-1536x1024.jpg 1536w, http:\/\/elvinalemauff.fr\/wp-content\/uploads\/2025\/02\/Picsart_24-09-07_23-03-17-134-2048x1365.jpg 2048w\" sizes=\"(max-width: 300px) 100vw, 300px\" \/><\/a>\n\t\t\t<\/div>\n\t\t\t\t<figcaption class='wp-caption-text gallery-caption' id='gallery-1-337'>\n\t\t\t\tThomise enfl\u00e9e\n\t\t\t\t<\/figcaption><\/figure>\n\t\t<\/div>\n\t\t<\/div>\n\t\t\t\t\t\t<\/div>\n\t\t\t\t<\/div>\n\t\t\t\t\t<\/div>\n\t\t\t\t<\/div>\n\t\t\t\t<\/div>\n\t\t","protected":false},"excerpt":{"rendered":"<p>Ce sont mes images favorites ! Mais retrouvez les autres dans chaque cat\u00e9gorie ! These are my favorite pictures! But you can find others in each category! Osmie cornue Tachinaire sauvage Sauterelle Papillon Euc\u00e8re Gu\u00eape germanique Libellule Abeilles euc\u00e8res Thomise enfl\u00e9e<\/p>\n","protected":false},"author":1,"featured_media":0,"parent":0,"menu_order":0,"comment_status":"closed","ping_status":"closed","template":"","meta":{"footnotes":""},"class_list":["post-2427","page","type-page","status-publish","hentry"],"featured_image_src":"","featured_image_src_square":"","_links":{"self":[{"href":"http:\/\/elvinalemauff.fr\/index.php\/wp-json\/wp\/v2\/pages\/2427","targetHints":{"allow":["GET"]}}],"collection":[{"href":"http:\/\/elvinalemauff.fr\/index.php\/wp-json\/wp\/v2\/pages"}],"about":[{"href":"http:\/\/elvinalemauff.fr\/index.php\/wp-json\/wp\/v2\/types\/page"}],"author":[{"embeddable":true,"href":"http:\/\/elvinalemauff.fr\/index.php\/wp-json\/wp\/v2\/users\/1"}],"replies":[{"embeddable":true,"href":"http:\/\/elvinalemauff.fr\/index.php\/wp-json\/wp\/v2\/comments?post=2427"}],"version-history":[{"count":13,"href":"http:\/\/elvinalemauff.fr\/index.php\/wp-json\/wp\/v2\/pages\/2427\/revisions"}],"predecessor-version":[{"id":2635,"href":"http:\/\/elvinalemauff.fr\/index.php\/wp-json\/wp\/v2\/pages\/2427\/revisions\/2635"}],"wp:attachment":[{"href":"http:\/\/elvinalemauff.fr\/index.php\/wp-json\/wp\/v2\/media?parent=2427"}],"curies":[{"name":"wp","href":"https:\/\/api.w.org\/{rel}","templated":true}]}}