{"id":2439,"date":"2025-04-04T18:16:03","date_gmt":"2025-04-04T16:16:03","guid":{"rendered":"http:\/\/elvinalemauff.fr\/?page_id=2439"},"modified":"2025-04-04T19:32:34","modified_gmt":"2025-04-04T17:32:34","slug":"horses-chevaux","status":"publish","type":"page","link":"http:\/\/elvinalemauff.fr\/index.php\/horses-chevaux\/","title":{"rendered":"Horses &#8211; Chevaux"},"content":{"rendered":"\t\t<div data-elementor-type=\"wp-page\" data-elementor-id=\"2439\" class=\"elementor elementor-2439\">\n\t\t\t\t<div class=\"elementor-element elementor-element-ab79fc5 e-flex e-con-boxed e-con e-parent\" data-id=\"ab79fc5\" data-element_type=\"container\" data-e-type=\"container\">\n\t\t\t\t\t<div class=\"e-con-inner\">\n\t\t\t\t<div class=\"elementor-element elementor-element-b423494 elementor-widget elementor-widget-image-gallery\" data-id=\"b423494\" data-element_type=\"widget\" data-e-type=\"widget\" data-widget_type=\"image-gallery.default\">\n\t\t\t\t<div class=\"elementor-widget-container\">\n\t\t\t\t\t\t\t<div class=\"elementor-image-gallery\">\n\t\t\t<div id='gallery-1' class='gallery galleryid-2439 gallery-columns-4 gallery-size-medium'><figure class='gallery-item'>\n\t\t\t<div class='gallery-icon portrait'>\n\t\t\t\t<a data-elementor-open-lightbox=\"yes\" data-elementor-lightbox-slideshow=\"b423494\" data-elementor-lightbox-title=\"R\u00e9silience\" data-e-action-hash=\"#elementor-action%3Aaction%3Dlightbox%26settings%3DeyJpZCI6MzEzLCJ1cmwiOiJodHRwOlwvXC9lbHZpbmFsZW1hdWZmLmZyXC93cC1jb250ZW50XC91cGxvYWRzXC8yMDI1XC8wMlwvcGljc2FydF8yNC0xMC0xM18yMi0xNy01MS02OTc5MDA2ODYzNTAyMTY2Nzk0MTIuanBnIiwic2xpZGVzaG93IjoiYjQyMzQ5NCJ9\" href='http:\/\/elvinalemauff.fr\/wp-content\/uploads\/2025\/02\/picsart_24-10-13_22-17-51-697900686350216679412.jpg' title=\"\" data-rl_title=\"\" class=\"rl-gallery-link\" data-rl_caption=\"\" data-rel=\"lightbox-gallery-1\"><img fetchpriority=\"high\" decoding=\"async\" width=\"231\" height=\"300\" src=\"http:\/\/elvinalemauff.fr\/wp-content\/uploads\/2025\/02\/picsart_24-10-13_22-17-51-697900686350216679412-231x300.jpg\" class=\"attachment-medium size-medium\" alt=\"\" aria-describedby=\"gallery-1-313\" srcset=\"http:\/\/elvinalemauff.fr\/wp-content\/uploads\/2025\/02\/picsart_24-10-13_22-17-51-697900686350216679412-231x300.jpg 231w, http:\/\/elvinalemauff.fr\/wp-content\/uploads\/2025\/02\/picsart_24-10-13_22-17-51-697900686350216679412-788x1024.jpg 788w, http:\/\/elvinalemauff.fr\/wp-content\/uploads\/2025\/02\/picsart_24-10-13_22-17-51-697900686350216679412-768x997.jpg 768w, http:\/\/elvinalemauff.fr\/wp-content\/uploads\/2025\/02\/picsart_24-10-13_22-17-51-697900686350216679412-1183x1536.jpg 1183w, http:\/\/elvinalemauff.fr\/wp-content\/uploads\/2025\/02\/picsart_24-10-13_22-17-51-697900686350216679412.jpg 1540w\" sizes=\"(max-width: 231px) 100vw, 231px\" \/><\/a>\n\t\t\t<\/div>\n\t\t\t\t<figcaption class='wp-caption-text gallery-caption' id='gallery-1-313'>\n\t\t\t\tR\u00e9silience\n\t\t\t\t<\/figcaption><\/figure><figure class='gallery-item'>\n\t\t\t<div class='gallery-icon portrait'>\n\t\t\t\t<a data-elementor-open-lightbox=\"yes\" data-elementor-lightbox-slideshow=\"b423494\" data-elementor-lightbox-title=\"R\u00e9silience2084\" data-e-action-hash=\"#elementor-action%3Aaction%3Dlightbox%26settings%3DeyJpZCI6MTUwOCwidXJsIjoiaHR0cDpcL1wvZWx2aW5hbGVtYXVmZi5mclwvd3AtY29udGVudFwvdXBsb2Fkc1wvMjAyNVwvMDJcLzAwMDAyMDg0LXNjYWxlZC5qcGciLCJzbGlkZXNob3ciOiJiNDIzNDk0In0%3D\" href='http:\/\/elvinalemauff.fr\/wp-content\/uploads\/2025\/02\/00002084-scaled.jpg' title=\"\" data-rl_title=\"\" class=\"rl-gallery-link\" data-rl_caption=\"\" data-rel=\"lightbox-gallery-1\"><img decoding=\"async\" width=\"222\" height=\"300\" src=\"http:\/\/elvinalemauff.fr\/wp-content\/uploads\/2025\/02\/00002084-222x300.jpg\" class=\"attachment-medium size-medium\" alt=\"\" aria-describedby=\"gallery-1-1508\" srcset=\"http:\/\/elvinalemauff.fr\/wp-content\/uploads\/2025\/02\/00002084-222x300.jpg 222w, http:\/\/elvinalemauff.fr\/wp-content\/uploads\/2025\/02\/00002084-759x1024.jpg 759w, http:\/\/elvinalemauff.fr\/wp-content\/uploads\/2025\/02\/00002084-768x1037.jpg 768w, http:\/\/elvinalemauff.fr\/wp-content\/uploads\/2025\/02\/00002084-1138x1536.jpg 1138w, http:\/\/elvinalemauff.fr\/wp-content\/uploads\/2025\/02\/00002084-1517x2048.jpg 1517w, http:\/\/elvinalemauff.fr\/wp-content\/uploads\/2025\/02\/00002084-scaled.jpg 1897w\" sizes=\"(max-width: 222px) 100vw, 222px\" \/><\/a>\n\t\t\t<\/div>\n\t\t\t\t<figcaption class='wp-caption-text gallery-caption' id='gallery-1-1508'>\n\t\t\t\tR\u00e9silience\n\t\t\t\t<\/figcaption><\/figure><figure class='gallery-item'>\n\t\t\t<div class='gallery-icon portrait'>\n\t\t\t\t<a data-elementor-open-lightbox=\"yes\" data-elementor-lightbox-slideshow=\"b423494\" data-elementor-lightbox-title=\"R\u00e9silience2083\" data-e-action-hash=\"#elementor-action%3Aaction%3Dlightbox%26settings%3DeyJpZCI6MTUwNywidXJsIjoiaHR0cDpcL1wvZWx2aW5hbGVtYXVmZi5mclwvd3AtY29udGVudFwvdXBsb2Fkc1wvMjAyNVwvMDJcLzAwMDAyMDgzLXNjYWxlZC5qcGciLCJzbGlkZXNob3ciOiJiNDIzNDk0In0%3D\" href='http:\/\/elvinalemauff.fr\/wp-content\/uploads\/2025\/02\/00002083-scaled.jpg' title=\"\" data-rl_title=\"\" class=\"rl-gallery-link\" data-rl_caption=\"\" data-rel=\"lightbox-gallery-1\"><img decoding=\"async\" width=\"200\" height=\"300\" src=\"http:\/\/elvinalemauff.fr\/wp-content\/uploads\/2025\/02\/00002083-200x300.jpg\" class=\"attachment-medium size-medium\" alt=\"\" aria-describedby=\"gallery-1-1507\" srcset=\"http:\/\/elvinalemauff.fr\/wp-content\/uploads\/2025\/02\/00002083-200x300.jpg 200w, http:\/\/elvinalemauff.fr\/wp-content\/uploads\/2025\/02\/00002083-683x1024.jpg 683w, http:\/\/elvinalemauff.fr\/wp-content\/uploads\/2025\/02\/00002083-768x1152.jpg 768w, http:\/\/elvinalemauff.fr\/wp-content\/uploads\/2025\/02\/00002083-1024x1536.jpg 1024w, http:\/\/elvinalemauff.fr\/wp-content\/uploads\/2025\/02\/00002083-1365x2048.jpg 1365w, http:\/\/elvinalemauff.fr\/wp-content\/uploads\/2025\/02\/00002083-scaled.jpg 1706w\" sizes=\"(max-width: 200px) 100vw, 200px\" \/><\/a>\n\t\t\t<\/div>\n\t\t\t\t<figcaption class='wp-caption-text gallery-caption' id='gallery-1-1507'>\n\t\t\t\tR\u00e9silience\n\t\t\t\t<\/figcaption><\/figure><figure class='gallery-item'>\n\t\t\t<div class='gallery-icon portrait'>\n\t\t\t\t<a data-elementor-open-lightbox=\"yes\" data-elementor-lightbox-slideshow=\"b423494\" data-elementor-lightbox-title=\"R\u00e9silience 2\" data-e-action-hash=\"#elementor-action%3Aaction%3Dlightbox%26settings%3DeyJpZCI6MzE0LCJ1cmwiOiJodHRwOlwvXC9lbHZpbmFsZW1hdWZmLmZyXC93cC1jb250ZW50XC91cGxvYWRzXC8yMDI1XC8wMlwvcGljc2FydF8yNS0wMi0wMl8xMC01Ny01MS0wNDMzMzYyMTM0NzE0OTgwMDk5NzEuanBnIiwic2xpZGVzaG93IjoiYjQyMzQ5NCJ9\" href='http:\/\/elvinalemauff.fr\/wp-content\/uploads\/2025\/02\/picsart_25-02-02_10-57-51-043336213471498009971.jpg' title=\"\" data-rl_title=\"\" class=\"rl-gallery-link\" data-rl_caption=\"\" data-rel=\"lightbox-gallery-1\"><img loading=\"lazy\" decoding=\"async\" width=\"200\" height=\"300\" src=\"http:\/\/elvinalemauff.fr\/wp-content\/uploads\/2025\/02\/picsart_25-02-02_10-57-51-043336213471498009971-200x300.jpg\" class=\"attachment-medium size-medium\" alt=\"\" aria-describedby=\"gallery-1-314\" srcset=\"http:\/\/elvinalemauff.fr\/wp-content\/uploads\/2025\/02\/picsart_25-02-02_10-57-51-043336213471498009971-200x300.jpg 200w, http:\/\/elvinalemauff.fr\/wp-content\/uploads\/2025\/02\/picsart_25-02-02_10-57-51-043336213471498009971-683x1024.jpg 683w, http:\/\/elvinalemauff.fr\/wp-content\/uploads\/2025\/02\/picsart_25-02-02_10-57-51-043336213471498009971-768x1151.jpg 768w, http:\/\/elvinalemauff.fr\/wp-content\/uploads\/2025\/02\/picsart_25-02-02_10-57-51-043336213471498009971-1025x1536.jpg 1025w, http:\/\/elvinalemauff.fr\/wp-content\/uploads\/2025\/02\/picsart_25-02-02_10-57-51-043336213471498009971.jpg 1334w\" sizes=\"(max-width: 200px) 100vw, 200px\" \/><\/a>\n\t\t\t<\/div>\n\t\t\t\t<figcaption class='wp-caption-text gallery-caption' id='gallery-1-314'>\n\t\t\t\tR\u00e9silience 2\n\t\t\t\t<\/figcaption><\/figure><figure class='gallery-item'>\n\t\t\t<div class='gallery-icon portrait'>\n\t\t\t\t<a data-elementor-open-lightbox=\"yes\" data-elementor-lightbox-slideshow=\"b423494\" data-elementor-lightbox-title=\"Rencontre06-868\" data-e-action-hash=\"#elementor-action%3Aaction%3Dlightbox%26settings%3DeyJpZCI6MTUxOCwidXJsIjoiaHR0cDpcL1wvZWx2aW5hbGVtYXVmZi5mclwvd3AtY29udGVudFwvdXBsb2Fkc1wvMjAyNVwvMDJcL1BpY3NhcnRfMjItMDEtMTlfMjEtMzktMDYtODY4LXNjYWxlZC5qcGciLCJzbGlkZXNob3ciOiJiNDIzNDk0In0%3D\" href='http:\/\/elvinalemauff.fr\/wp-content\/uploads\/2025\/02\/Picsart_22-01-19_21-39-06-868-scaled.jpg' title=\"\" data-rl_title=\"\" class=\"rl-gallery-link\" data-rl_caption=\"\" data-rel=\"lightbox-gallery-1\"><img loading=\"lazy\" decoding=\"async\" width=\"169\" height=\"300\" src=\"http:\/\/elvinalemauff.fr\/wp-content\/uploads\/2025\/02\/Picsart_22-01-19_21-39-06-868-169x300.jpg\" class=\"attachment-medium size-medium\" alt=\"\" aria-describedby=\"gallery-1-1518\" srcset=\"http:\/\/elvinalemauff.fr\/wp-content\/uploads\/2025\/02\/Picsart_22-01-19_21-39-06-868-169x300.jpg 169w, http:\/\/elvinalemauff.fr\/wp-content\/uploads\/2025\/02\/Picsart_22-01-19_21-39-06-868-576x1024.jpg 576w, http:\/\/elvinalemauff.fr\/wp-content\/uploads\/2025\/02\/Picsart_22-01-19_21-39-06-868-768x1365.jpg 768w, http:\/\/elvinalemauff.fr\/wp-content\/uploads\/2025\/02\/Picsart_22-01-19_21-39-06-868-864x1536.jpg 864w, http:\/\/elvinalemauff.fr\/wp-content\/uploads\/2025\/02\/Picsart_22-01-19_21-39-06-868-1152x2048.jpg 1152w, http:\/\/elvinalemauff.fr\/wp-content\/uploads\/2025\/02\/Picsart_22-01-19_21-39-06-868-scaled.jpg 1440w\" sizes=\"(max-width: 169px) 100vw, 169px\" \/><\/a>\n\t\t\t<\/div>\n\t\t\t\t<figcaption class='wp-caption-text gallery-caption' id='gallery-1-1518'>\n\t\t\t\tRencontre\n\t\t\t\t<\/figcaption><\/figure><figure class='gallery-item'>\n\t\t\t<div class='gallery-icon portrait'>\n\t\t\t\t<a data-elementor-open-lightbox=\"yes\" data-elementor-lightbox-slideshow=\"b423494\" data-elementor-lightbox-title=\"Contraste1674\" data-e-action-hash=\"#elementor-action%3Aaction%3Dlightbox%26settings%3DeyJpZCI6MTUwNiwidXJsIjoiaHR0cDpcL1wvZWx2aW5hbGVtYXVmZi5mclwvd3AtY29udGVudFwvdXBsb2Fkc1wvMjAyNVwvMDJcLzAwMDAxNjc0LXNjYWxlZC5qcGciLCJzbGlkZXNob3ciOiJiNDIzNDk0In0%3D\" href='http:\/\/elvinalemauff.fr\/wp-content\/uploads\/2025\/02\/00001674-scaled.jpg' title=\"\" data-rl_title=\"\" class=\"rl-gallery-link\" data-rl_caption=\"\" data-rel=\"lightbox-gallery-1\"><img loading=\"lazy\" decoding=\"async\" width=\"200\" height=\"300\" src=\"http:\/\/elvinalemauff.fr\/wp-content\/uploads\/2025\/02\/00001674-200x300.jpg\" class=\"attachment-medium size-medium\" alt=\"\" aria-describedby=\"gallery-1-1506\" srcset=\"http:\/\/elvinalemauff.fr\/wp-content\/uploads\/2025\/02\/00001674-200x300.jpg 200w, http:\/\/elvinalemauff.fr\/wp-content\/uploads\/2025\/02\/00001674-683x1024.jpg 683w, http:\/\/elvinalemauff.fr\/wp-content\/uploads\/2025\/02\/00001674-768x1152.jpg 768w, http:\/\/elvinalemauff.fr\/wp-content\/uploads\/2025\/02\/00001674-1024x1536.jpg 1024w, http:\/\/elvinalemauff.fr\/wp-content\/uploads\/2025\/02\/00001674-1365x2048.jpg 1365w, http:\/\/elvinalemauff.fr\/wp-content\/uploads\/2025\/02\/00001674-scaled.jpg 1707w\" sizes=\"(max-width: 200px) 100vw, 200px\" \/><\/a>\n\t\t\t<\/div>\n\t\t\t\t<figcaption class='wp-caption-text gallery-caption' id='gallery-1-1506'>\n\t\t\t\tContraste\n\t\t\t\t<\/figcaption><\/figure>\n\t\t<\/div>\n\t\t<\/div>\n\t\t\t\t\t\t<\/div>\n\t\t\t\t<\/div>\n\t\t\t\t\t<\/div>\n\t\t\t\t<\/div>\n\t\t\t\t<\/div>\n\t\t","protected":false},"excerpt":{"rendered":"<p>R\u00e9silience R\u00e9silience R\u00e9silience R\u00e9silience 2 Rencontre Contraste<\/p>\n","protected":false},"author":1,"featured_media":0,"parent":0,"menu_order":0,"comment_status":"closed","ping_status":"closed","template":"","meta":{"footnotes":""},"class_list":["post-2439","page","type-page","status-publish","hentry"],"featured_image_src":"","featured_image_src_square":"","_links":{"self":[{"href":"http:\/\/elvinalemauff.fr\/index.php\/wp-json\/wp\/v2\/pages\/2439","targetHints":{"allow":["GET"]}}],"collection":[{"href":"http:\/\/elvinalemauff.fr\/index.php\/wp-json\/wp\/v2\/pages"}],"about":[{"href":"http:\/\/elvinalemauff.fr\/index.php\/wp-json\/wp\/v2\/types\/page"}],"author":[{"embeddable":true,"href":"http:\/\/elvinalemauff.fr\/index.php\/wp-json\/wp\/v2\/users\/1"}],"replies":[{"embeddable":true,"href":"http:\/\/elvinalemauff.fr\/index.php\/wp-json\/wp\/v2\/comments?post=2439"}],"version-history":[{"count":7,"href":"http:\/\/elvinalemauff.fr\/index.php\/wp-json\/wp\/v2\/pages\/2439\/revisions"}],"predecessor-version":[{"id":2605,"href":"http:\/\/elvinalemauff.fr\/index.php\/wp-json\/wp\/v2\/pages\/2439\/revisions\/2605"}],"wp:attachment":[{"href":"http:\/\/elvinalemauff.fr\/index.php\/wp-json\/wp\/v2\/media?parent=2439"}],"curies":[{"name":"wp","href":"https:\/\/api.w.org\/{rel}","templated":true}]}}