{"id":2512,"date":"2025-04-04T19:01:09","date_gmt":"2025-04-04T17:01:09","guid":{"rendered":"http:\/\/elvinalemauff.fr\/?page_id=2512"},"modified":"2025-04-04T19:06:25","modified_gmt":"2025-04-04T17:06:25","slug":"pyrenees","status":"publish","type":"page","link":"http:\/\/elvinalemauff.fr\/index.php\/pyrenees\/","title":{"rendered":"Pyr\u00e9n\u00e9es"},"content":{"rendered":"\t\t<div data-elementor-type=\"wp-page\" data-elementor-id=\"2512\" class=\"elementor elementor-2512\">\n\t\t\t\t<div class=\"elementor-element elementor-element-0e89fec e-flex e-con-boxed e-con e-parent\" data-id=\"0e89fec\" data-element_type=\"container\" data-e-type=\"container\">\n\t\t\t\t\t<div class=\"e-con-inner\">\n\t\t\t\t<div class=\"elementor-element elementor-element-6514111 elementor-widget elementor-widget-image-gallery\" data-id=\"6514111\" data-element_type=\"widget\" data-e-type=\"widget\" data-widget_type=\"image-gallery.default\">\n\t\t\t\t<div class=\"elementor-widget-container\">\n\t\t\t\t\t\t\t<div class=\"elementor-image-gallery\">\n\t\t\t<div id='gallery-1' class='gallery galleryid-2512 gallery-columns-4 gallery-size-medium'><figure class='gallery-item'>\n\t\t\t<div class='gallery-icon portrait'>\n\t\t\t\t<a data-elementor-open-lightbox=\"yes\" data-elementor-lightbox-slideshow=\"6514111\" data-elementor-lightbox-title=\"Pyr\u00e9n\u00e9es_22-53-45-718\" data-e-action-hash=\"#elementor-action%3Aaction%3Dlightbox%26settings%3DeyJpZCI6MjUxNCwidXJsIjoiaHR0cDpcL1wvZWx2aW5hbGVtYXVmZi5mclwvd3AtY29udGVudFwvdXBsb2Fkc1wvMjAyNVwvMDRcL1BpY3NhcnRfMjUtMDQtMDJfMjItNTMtNDUtNzE4LXNjYWxlZC5qcGciLCJzbGlkZXNob3ciOiI2NTE0MTExIn0%3D\" href='http:\/\/elvinalemauff.fr\/wp-content\/uploads\/2025\/04\/Picsart_25-04-02_22-53-45-718-scaled.jpg' title=\"\" data-rl_title=\"\" class=\"rl-gallery-link\" data-rl_caption=\"\" data-rel=\"lightbox-gallery-1\"><img fetchpriority=\"high\" decoding=\"async\" width=\"200\" height=\"300\" src=\"http:\/\/elvinalemauff.fr\/wp-content\/uploads\/2025\/04\/Picsart_25-04-02_22-53-45-718-200x300.jpg\" class=\"attachment-medium size-medium\" alt=\"\" aria-describedby=\"gallery-1-2514\" srcset=\"http:\/\/elvinalemauff.fr\/wp-content\/uploads\/2025\/04\/Picsart_25-04-02_22-53-45-718-200x300.jpg 200w, http:\/\/elvinalemauff.fr\/wp-content\/uploads\/2025\/04\/Picsart_25-04-02_22-53-45-718-683x1024.jpg 683w, http:\/\/elvinalemauff.fr\/wp-content\/uploads\/2025\/04\/Picsart_25-04-02_22-53-45-718-768x1152.jpg 768w, http:\/\/elvinalemauff.fr\/wp-content\/uploads\/2025\/04\/Picsart_25-04-02_22-53-45-718-1024x1536.jpg 1024w, http:\/\/elvinalemauff.fr\/wp-content\/uploads\/2025\/04\/Picsart_25-04-02_22-53-45-718-1366x2048.jpg 1366w, http:\/\/elvinalemauff.fr\/wp-content\/uploads\/2025\/04\/Picsart_25-04-02_22-53-45-718-scaled.jpg 1707w\" sizes=\"(max-width: 200px) 100vw, 200px\" \/><\/a>\n\t\t\t<\/div>\n\t\t\t\t<figcaption class='wp-caption-text gallery-caption' id='gallery-1-2514'>\n\t\t\t\tPyr\u00e9n\u00e9es\n\t\t\t\t<\/figcaption><\/figure><figure class='gallery-item'>\n\t\t\t<div class='gallery-icon portrait'>\n\t\t\t\t<a data-elementor-open-lightbox=\"yes\" data-elementor-lightbox-slideshow=\"6514111\" data-elementor-lightbox-title=\"Pyr\u00e9n\u00e9es2_22-54-12-875\" data-e-action-hash=\"#elementor-action%3Aaction%3Dlightbox%26settings%3DeyJpZCI6MjUxNSwidXJsIjoiaHR0cDpcL1wvZWx2aW5hbGVtYXVmZi5mclwvd3AtY29udGVudFwvdXBsb2Fkc1wvMjAyNVwvMDRcL1BpY3NhcnRfMjUtMDQtMDJfMjItNTQtMTItODc1LXNjYWxlZC5qcGciLCJzbGlkZXNob3ciOiI2NTE0MTExIn0%3D\" href='http:\/\/elvinalemauff.fr\/wp-content\/uploads\/2025\/04\/Picsart_25-04-02_22-54-12-875-scaled.jpg' title=\"\" data-rl_title=\"\" class=\"rl-gallery-link\" data-rl_caption=\"\" data-rel=\"lightbox-gallery-1\"><img decoding=\"async\" width=\"200\" height=\"300\" src=\"http:\/\/elvinalemauff.fr\/wp-content\/uploads\/2025\/04\/Picsart_25-04-02_22-54-12-875-200x300.jpg\" class=\"attachment-medium size-medium\" alt=\"\" aria-describedby=\"gallery-1-2515\" srcset=\"http:\/\/elvinalemauff.fr\/wp-content\/uploads\/2025\/04\/Picsart_25-04-02_22-54-12-875-200x300.jpg 200w, http:\/\/elvinalemauff.fr\/wp-content\/uploads\/2025\/04\/Picsart_25-04-02_22-54-12-875-683x1024.jpg 683w, http:\/\/elvinalemauff.fr\/wp-content\/uploads\/2025\/04\/Picsart_25-04-02_22-54-12-875-768x1152.jpg 768w, http:\/\/elvinalemauff.fr\/wp-content\/uploads\/2025\/04\/Picsart_25-04-02_22-54-12-875-1024x1536.jpg 1024w, http:\/\/elvinalemauff.fr\/wp-content\/uploads\/2025\/04\/Picsart_25-04-02_22-54-12-875-1366x2048.jpg 1366w, http:\/\/elvinalemauff.fr\/wp-content\/uploads\/2025\/04\/Picsart_25-04-02_22-54-12-875-scaled.jpg 1707w\" sizes=\"(max-width: 200px) 100vw, 200px\" \/><\/a>\n\t\t\t<\/div>\n\t\t\t\t<figcaption class='wp-caption-text gallery-caption' id='gallery-1-2515'>\n\t\t\t\tPyr\u00e9n\u00e9es\n\t\t\t\t<\/figcaption><\/figure><figure class='gallery-item'>\n\t\t\t<div class='gallery-icon portrait'>\n\t\t\t\t<a data-elementor-open-lightbox=\"yes\" data-elementor-lightbox-slideshow=\"6514111\" data-elementor-lightbox-title=\"Pyr\u00e9n\u00e9es_22-54-44-575\" data-e-action-hash=\"#elementor-action%3Aaction%3Dlightbox%26settings%3DeyJpZCI6MjUxNiwidXJsIjoiaHR0cDpcL1wvZWx2aW5hbGVtYXVmZi5mclwvd3AtY29udGVudFwvdXBsb2Fkc1wvMjAyNVwvMDRcL1BpY3NhcnRfMjUtMDQtMDJfMjItNTQtNDQtNTc1LXNjYWxlZC5qcGciLCJzbGlkZXNob3ciOiI2NTE0MTExIn0%3D\" href='http:\/\/elvinalemauff.fr\/wp-content\/uploads\/2025\/04\/Picsart_25-04-02_22-54-44-575-scaled.jpg' title=\"\" data-rl_title=\"\" class=\"rl-gallery-link\" data-rl_caption=\"\" data-rel=\"lightbox-gallery-1\"><img decoding=\"async\" width=\"200\" height=\"300\" src=\"http:\/\/elvinalemauff.fr\/wp-content\/uploads\/2025\/04\/Picsart_25-04-02_22-54-44-575-200x300.jpg\" class=\"attachment-medium size-medium\" alt=\"\" aria-describedby=\"gallery-1-2516\" srcset=\"http:\/\/elvinalemauff.fr\/wp-content\/uploads\/2025\/04\/Picsart_25-04-02_22-54-44-575-200x300.jpg 200w, http:\/\/elvinalemauff.fr\/wp-content\/uploads\/2025\/04\/Picsart_25-04-02_22-54-44-575-683x1024.jpg 683w, http:\/\/elvinalemauff.fr\/wp-content\/uploads\/2025\/04\/Picsart_25-04-02_22-54-44-575-768x1152.jpg 768w, http:\/\/elvinalemauff.fr\/wp-content\/uploads\/2025\/04\/Picsart_25-04-02_22-54-44-575-1024x1536.jpg 1024w, http:\/\/elvinalemauff.fr\/wp-content\/uploads\/2025\/04\/Picsart_25-04-02_22-54-44-575-1366x2048.jpg 1366w, http:\/\/elvinalemauff.fr\/wp-content\/uploads\/2025\/04\/Picsart_25-04-02_22-54-44-575-scaled.jpg 1707w\" sizes=\"(max-width: 200px) 100vw, 200px\" \/><\/a>\n\t\t\t<\/div>\n\t\t\t\t<figcaption class='wp-caption-text gallery-caption' id='gallery-1-2516'>\n\t\t\t\tPyr\u00e9n\u00e9es\n\t\t\t\t<\/figcaption><\/figure><figure class='gallery-item'>\n\t\t\t<div class='gallery-icon portrait'>\n\t\t\t\t<a data-elementor-open-lightbox=\"yes\" data-elementor-lightbox-slideshow=\"6514111\" data-elementor-lightbox-title=\"pyr\u00e9n\u00e9es-03-01_20-18-14-449b\" data-e-action-hash=\"#elementor-action%3Aaction%3Dlightbox%26settings%3DeyJpZCI6MjUxNywidXJsIjoiaHR0cDpcL1wvZWx2aW5hbGVtYXVmZi5mclwvd3AtY29udGVudFwvdXBsb2Fkc1wvMjAyNVwvMDRcL3B5cmVuZWVzLTAzLTAxXzIwLTE4LTE0LTQ0OWItc2NhbGVkLmpwZyIsInNsaWRlc2hvdyI6IjY1MTQxMTEifQ%3D%3D\" href='http:\/\/elvinalemauff.fr\/wp-content\/uploads\/2025\/04\/pyrenees-03-01_20-18-14-449b-scaled.jpg' title=\"\" data-rl_title=\"\" class=\"rl-gallery-link\" data-rl_caption=\"\" data-rel=\"lightbox-gallery-1\"><img loading=\"lazy\" decoding=\"async\" width=\"200\" height=\"300\" src=\"http:\/\/elvinalemauff.fr\/wp-content\/uploads\/2025\/04\/pyrenees-03-01_20-18-14-449b-200x300.jpg\" class=\"attachment-medium size-medium\" alt=\"\" aria-describedby=\"gallery-1-2517\" srcset=\"http:\/\/elvinalemauff.fr\/wp-content\/uploads\/2025\/04\/pyrenees-03-01_20-18-14-449b-200x300.jpg 200w, http:\/\/elvinalemauff.fr\/wp-content\/uploads\/2025\/04\/pyrenees-03-01_20-18-14-449b-683x1024.jpg 683w, http:\/\/elvinalemauff.fr\/wp-content\/uploads\/2025\/04\/pyrenees-03-01_20-18-14-449b-768x1152.jpg 768w, http:\/\/elvinalemauff.fr\/wp-content\/uploads\/2025\/04\/pyrenees-03-01_20-18-14-449b-1024x1536.jpg 1024w, http:\/\/elvinalemauff.fr\/wp-content\/uploads\/2025\/04\/pyrenees-03-01_20-18-14-449b-1366x2048.jpg 1366w, http:\/\/elvinalemauff.fr\/wp-content\/uploads\/2025\/04\/pyrenees-03-01_20-18-14-449b-scaled.jpg 1707w\" sizes=\"(max-width: 200px) 100vw, 200px\" \/><\/a>\n\t\t\t<\/div>\n\t\t\t\t<figcaption class='wp-caption-text gallery-caption' id='gallery-1-2517'>\n\t\t\t\tPyr\u00e9n\u00e9es\n\t\t\t\t<\/figcaption><\/figure><figure class='gallery-item'>\n\t\t\t<div class='gallery-icon portrait'>\n\t\t\t\t<a data-elementor-open-lightbox=\"yes\" data-elementor-lightbox-slideshow=\"6514111\" data-elementor-lightbox-title=\"pyr\u00e9n\u00e9es03-01_20-18-54-608b\" data-e-action-hash=\"#elementor-action%3Aaction%3Dlightbox%26settings%3DeyJpZCI6MjUxOCwidXJsIjoiaHR0cDpcL1wvZWx2aW5hbGVtYXVmZi5mclwvd3AtY29udGVudFwvdXBsb2Fkc1wvMjAyNVwvMDRcL3B5cmVuZWVzMDMtMDFfMjAtMTgtNTQtNjA4Yi1zY2FsZWQuanBnIiwic2xpZGVzaG93IjoiNjUxNDExMSJ9\" href='http:\/\/elvinalemauff.fr\/wp-content\/uploads\/2025\/04\/pyrenees03-01_20-18-54-608b-scaled.jpg' title=\"\" data-rl_title=\"\" class=\"rl-gallery-link\" data-rl_caption=\"\" data-rel=\"lightbox-gallery-1\"><img loading=\"lazy\" decoding=\"async\" width=\"200\" height=\"300\" src=\"http:\/\/elvinalemauff.fr\/wp-content\/uploads\/2025\/04\/pyrenees03-01_20-18-54-608b-200x300.jpg\" class=\"attachment-medium size-medium\" alt=\"\" aria-describedby=\"gallery-1-2518\" srcset=\"http:\/\/elvinalemauff.fr\/wp-content\/uploads\/2025\/04\/pyrenees03-01_20-18-54-608b-200x300.jpg 200w, http:\/\/elvinalemauff.fr\/wp-content\/uploads\/2025\/04\/pyrenees03-01_20-18-54-608b-683x1024.jpg 683w, http:\/\/elvinalemauff.fr\/wp-content\/uploads\/2025\/04\/pyrenees03-01_20-18-54-608b-768x1152.jpg 768w, http:\/\/elvinalemauff.fr\/wp-content\/uploads\/2025\/04\/pyrenees03-01_20-18-54-608b-1024x1536.jpg 1024w, http:\/\/elvinalemauff.fr\/wp-content\/uploads\/2025\/04\/pyrenees03-01_20-18-54-608b-1366x2048.jpg 1366w, http:\/\/elvinalemauff.fr\/wp-content\/uploads\/2025\/04\/pyrenees03-01_20-18-54-608b-scaled.jpg 1707w\" sizes=\"(max-width: 200px) 100vw, 200px\" \/><\/a>\n\t\t\t<\/div>\n\t\t\t\t<figcaption class='wp-caption-text gallery-caption' id='gallery-1-2518'>\n\t\t\t\tPyr\u00e9n\u00e9es\n\t\t\t\t<\/figcaption><\/figure><figure class='gallery-item'>\n\t\t\t<div class='gallery-icon portrait'>\n\t\t\t\t<a data-elementor-open-lightbox=\"yes\" data-elementor-lightbox-slideshow=\"6514111\" data-elementor-lightbox-title=\"pyr\u00e9n\u00e9es03-01_20-20-41-782b\" data-e-action-hash=\"#elementor-action%3Aaction%3Dlightbox%26settings%3DeyJpZCI6MjUxOSwidXJsIjoiaHR0cDpcL1wvZWx2aW5hbGVtYXVmZi5mclwvd3AtY29udGVudFwvdXBsb2Fkc1wvMjAyNVwvMDRcL3B5cmVuZWVzMDMtMDFfMjAtMjAtNDEtNzgyYi1zY2FsZWQuanBnIiwic2xpZGVzaG93IjoiNjUxNDExMSJ9\" href='http:\/\/elvinalemauff.fr\/wp-content\/uploads\/2025\/04\/pyrenees03-01_20-20-41-782b-scaled.jpg' title=\"\" data-rl_title=\"\" class=\"rl-gallery-link\" data-rl_caption=\"\" data-rel=\"lightbox-gallery-1\"><img loading=\"lazy\" decoding=\"async\" width=\"200\" height=\"300\" src=\"http:\/\/elvinalemauff.fr\/wp-content\/uploads\/2025\/04\/pyrenees03-01_20-20-41-782b-200x300.jpg\" class=\"attachment-medium size-medium\" alt=\"\" srcset=\"http:\/\/elvinalemauff.fr\/wp-content\/uploads\/2025\/04\/pyrenees03-01_20-20-41-782b-200x300.jpg 200w, http:\/\/elvinalemauff.fr\/wp-content\/uploads\/2025\/04\/pyrenees03-01_20-20-41-782b-683x1024.jpg 683w, http:\/\/elvinalemauff.fr\/wp-content\/uploads\/2025\/04\/pyrenees03-01_20-20-41-782b-768x1152.jpg 768w, http:\/\/elvinalemauff.fr\/wp-content\/uploads\/2025\/04\/pyrenees03-01_20-20-41-782b-1024x1536.jpg 1024w, http:\/\/elvinalemauff.fr\/wp-content\/uploads\/2025\/04\/pyrenees03-01_20-20-41-782b-1366x2048.jpg 1366w, http:\/\/elvinalemauff.fr\/wp-content\/uploads\/2025\/04\/pyrenees03-01_20-20-41-782b-scaled.jpg 1707w\" sizes=\"(max-width: 200px) 100vw, 200px\" \/><\/a>\n\t\t\t<\/div><\/figure><figure class='gallery-item'>\n\t\t\t<div class='gallery-icon portrait'>\n\t\t\t\t<a data-elementor-open-lightbox=\"yes\" data-elementor-lightbox-slideshow=\"6514111\" data-elementor-lightbox-title=\"pyr\u00e9n\u00e9es-03-01_20-21-42-458b\" data-e-action-hash=\"#elementor-action%3Aaction%3Dlightbox%26settings%3DeyJpZCI6MjUyMCwidXJsIjoiaHR0cDpcL1wvZWx2aW5hbGVtYXVmZi5mclwvd3AtY29udGVudFwvdXBsb2Fkc1wvMjAyNVwvMDRcL3B5cmVuZWVzLTAzLTAxXzIwLTIxLTQyLTQ1OGItc2NhbGVkLmpwZyIsInNsaWRlc2hvdyI6IjY1MTQxMTEifQ%3D%3D\" href='http:\/\/elvinalemauff.fr\/wp-content\/uploads\/2025\/04\/pyrenees-03-01_20-21-42-458b-scaled.jpg' title=\"\" data-rl_title=\"\" class=\"rl-gallery-link\" data-rl_caption=\"\" data-rel=\"lightbox-gallery-1\"><img loading=\"lazy\" decoding=\"async\" width=\"200\" height=\"300\" src=\"http:\/\/elvinalemauff.fr\/wp-content\/uploads\/2025\/04\/pyrenees-03-01_20-21-42-458b-200x300.jpg\" class=\"attachment-medium size-medium\" alt=\"\" aria-describedby=\"gallery-1-2520\" srcset=\"http:\/\/elvinalemauff.fr\/wp-content\/uploads\/2025\/04\/pyrenees-03-01_20-21-42-458b-200x300.jpg 200w, http:\/\/elvinalemauff.fr\/wp-content\/uploads\/2025\/04\/pyrenees-03-01_20-21-42-458b-683x1024.jpg 683w, http:\/\/elvinalemauff.fr\/wp-content\/uploads\/2025\/04\/pyrenees-03-01_20-21-42-458b-768x1152.jpg 768w, http:\/\/elvinalemauff.fr\/wp-content\/uploads\/2025\/04\/pyrenees-03-01_20-21-42-458b-1024x1536.jpg 1024w, http:\/\/elvinalemauff.fr\/wp-content\/uploads\/2025\/04\/pyrenees-03-01_20-21-42-458b-1366x2048.jpg 1366w, http:\/\/elvinalemauff.fr\/wp-content\/uploads\/2025\/04\/pyrenees-03-01_20-21-42-458b-scaled.jpg 1707w\" sizes=\"(max-width: 200px) 100vw, 200px\" \/><\/a>\n\t\t\t<\/div>\n\t\t\t\t<figcaption class='wp-caption-text gallery-caption' id='gallery-1-2520'>\n\t\t\t\tPyr\u00e9n\u00e9es\n\t\t\t\t<\/figcaption><\/figure><figure class='gallery-item'>\n\t\t\t<div class='gallery-icon portrait'>\n\t\t\t\t<a data-elementor-open-lightbox=\"yes\" data-elementor-lightbox-slideshow=\"6514111\" data-elementor-lightbox-title=\"pyr\u00e9n\u00e9es-03-01_20-22-21-589b\" data-e-action-hash=\"#elementor-action%3Aaction%3Dlightbox%26settings%3DeyJpZCI6MjUyMSwidXJsIjoiaHR0cDpcL1wvZWx2aW5hbGVtYXVmZi5mclwvd3AtY29udGVudFwvdXBsb2Fkc1wvMjAyNVwvMDRcL3B5cmVuZWVzLTAzLTAxXzIwLTIyLTIxLTU4OWItc2NhbGVkLmpwZyIsInNsaWRlc2hvdyI6IjY1MTQxMTEifQ%3D%3D\" href='http:\/\/elvinalemauff.fr\/wp-content\/uploads\/2025\/04\/pyrenees-03-01_20-22-21-589b-scaled.jpg' title=\"\" data-rl_title=\"\" class=\"rl-gallery-link\" data-rl_caption=\"\" data-rel=\"lightbox-gallery-1\"><img loading=\"lazy\" decoding=\"async\" width=\"200\" height=\"300\" src=\"http:\/\/elvinalemauff.fr\/wp-content\/uploads\/2025\/04\/pyrenees-03-01_20-22-21-589b-200x300.jpg\" class=\"attachment-medium size-medium\" alt=\"\" aria-describedby=\"gallery-1-2521\" srcset=\"http:\/\/elvinalemauff.fr\/wp-content\/uploads\/2025\/04\/pyrenees-03-01_20-22-21-589b-200x300.jpg 200w, http:\/\/elvinalemauff.fr\/wp-content\/uploads\/2025\/04\/pyrenees-03-01_20-22-21-589b-683x1024.jpg 683w, http:\/\/elvinalemauff.fr\/wp-content\/uploads\/2025\/04\/pyrenees-03-01_20-22-21-589b-768x1152.jpg 768w, http:\/\/elvinalemauff.fr\/wp-content\/uploads\/2025\/04\/pyrenees-03-01_20-22-21-589b-1024x1536.jpg 1024w, http:\/\/elvinalemauff.fr\/wp-content\/uploads\/2025\/04\/pyrenees-03-01_20-22-21-589b-1366x2048.jpg 1366w, http:\/\/elvinalemauff.fr\/wp-content\/uploads\/2025\/04\/pyrenees-03-01_20-22-21-589b-scaled.jpg 1707w\" sizes=\"(max-width: 200px) 100vw, 200px\" \/><\/a>\n\t\t\t<\/div>\n\t\t\t\t<figcaption class='wp-caption-text gallery-caption' id='gallery-1-2521'>\n\t\t\t\tPyr\u00e9n\u00e9es\n\t\t\t\t<\/figcaption><\/figure><figure class='gallery-item'>\n\t\t\t<div class='gallery-icon portrait'>\n\t\t\t\t<a data-elementor-open-lightbox=\"yes\" data-elementor-lightbox-slideshow=\"6514111\" data-elementor-lightbox-title=\"pyr\u00e9n\u00e9es5-03-01_20-21-13-953b\" data-e-action-hash=\"#elementor-action%3Aaction%3Dlightbox%26settings%3DeyJpZCI6MjUyMiwidXJsIjoiaHR0cDpcL1wvZWx2aW5hbGVtYXVmZi5mclwvd3AtY29udGVudFwvdXBsb2Fkc1wvMjAyNVwvMDRcL3B5cmVuZWVzNS0wMy0wMV8yMC0yMS0xMy05NTNiLXNjYWxlZC5qcGciLCJzbGlkZXNob3ciOiI2NTE0MTExIn0%3D\" href='http:\/\/elvinalemauff.fr\/wp-content\/uploads\/2025\/04\/pyrenees5-03-01_20-21-13-953b-scaled.jpg' title=\"\" data-rl_title=\"\" class=\"rl-gallery-link\" data-rl_caption=\"\" data-rel=\"lightbox-gallery-1\"><img loading=\"lazy\" decoding=\"async\" width=\"200\" height=\"300\" src=\"http:\/\/elvinalemauff.fr\/wp-content\/uploads\/2025\/04\/pyrenees5-03-01_20-21-13-953b-200x300.jpg\" class=\"attachment-medium size-medium\" alt=\"\" aria-describedby=\"gallery-1-2522\" srcset=\"http:\/\/elvinalemauff.fr\/wp-content\/uploads\/2025\/04\/pyrenees5-03-01_20-21-13-953b-200x300.jpg 200w, http:\/\/elvinalemauff.fr\/wp-content\/uploads\/2025\/04\/pyrenees5-03-01_20-21-13-953b-683x1024.jpg 683w, http:\/\/elvinalemauff.fr\/wp-content\/uploads\/2025\/04\/pyrenees5-03-01_20-21-13-953b-768x1152.jpg 768w, http:\/\/elvinalemauff.fr\/wp-content\/uploads\/2025\/04\/pyrenees5-03-01_20-21-13-953b-1024x1536.jpg 1024w, http:\/\/elvinalemauff.fr\/wp-content\/uploads\/2025\/04\/pyrenees5-03-01_20-21-13-953b-1366x2048.jpg 1366w, http:\/\/elvinalemauff.fr\/wp-content\/uploads\/2025\/04\/pyrenees5-03-01_20-21-13-953b-scaled.jpg 1707w\" sizes=\"(max-width: 200px) 100vw, 200px\" \/><\/a>\n\t\t\t<\/div>\n\t\t\t\t<figcaption class='wp-caption-text gallery-caption' id='gallery-1-2522'>\n\t\t\t\tPyr\u00e9n\u00e9es\n\t\t\t\t<\/figcaption><\/figure><figure class='gallery-item'>\n\t\t\t<div class='gallery-icon portrait'>\n\t\t\t\t<a data-elementor-open-lightbox=\"yes\" data-elementor-lightbox-slideshow=\"6514111\" data-elementor-lightbox-title=\"pyr\u00e9n\u00e9es5-03-01_20-23-38-423b\" data-e-action-hash=\"#elementor-action%3Aaction%3Dlightbox%26settings%3DeyJpZCI6MjUyMywidXJsIjoiaHR0cDpcL1wvZWx2aW5hbGVtYXVmZi5mclwvd3AtY29udGVudFwvdXBsb2Fkc1wvMjAyNVwvMDRcL3B5cmVuZWVzNS0wMy0wMV8yMC0yMy0zOC00MjNiLXNjYWxlZC5qcGciLCJzbGlkZXNob3ciOiI2NTE0MTExIn0%3D\" href='http:\/\/elvinalemauff.fr\/wp-content\/uploads\/2025\/04\/pyrenees5-03-01_20-23-38-423b-scaled.jpg' title=\"\" data-rl_title=\"\" class=\"rl-gallery-link\" data-rl_caption=\"\" data-rel=\"lightbox-gallery-1\"><img loading=\"lazy\" decoding=\"async\" width=\"200\" height=\"300\" src=\"http:\/\/elvinalemauff.fr\/wp-content\/uploads\/2025\/04\/pyrenees5-03-01_20-23-38-423b-200x300.jpg\" class=\"attachment-medium size-medium\" alt=\"\" aria-describedby=\"gallery-1-2523\" srcset=\"http:\/\/elvinalemauff.fr\/wp-content\/uploads\/2025\/04\/pyrenees5-03-01_20-23-38-423b-200x300.jpg 200w, http:\/\/elvinalemauff.fr\/wp-content\/uploads\/2025\/04\/pyrenees5-03-01_20-23-38-423b-683x1024.jpg 683w, http:\/\/elvinalemauff.fr\/wp-content\/uploads\/2025\/04\/pyrenees5-03-01_20-23-38-423b-768x1152.jpg 768w, http:\/\/elvinalemauff.fr\/wp-content\/uploads\/2025\/04\/pyrenees5-03-01_20-23-38-423b-1024x1536.jpg 1024w, http:\/\/elvinalemauff.fr\/wp-content\/uploads\/2025\/04\/pyrenees5-03-01_20-23-38-423b-1365x2048.jpg 1365w, http:\/\/elvinalemauff.fr\/wp-content\/uploads\/2025\/04\/pyrenees5-03-01_20-23-38-423b-scaled.jpg 1706w\" sizes=\"(max-width: 200px) 100vw, 200px\" \/><\/a>\n\t\t\t<\/div>\n\t\t\t\t<figcaption class='wp-caption-text gallery-caption' id='gallery-1-2523'>\n\t\t\t\tPyr\u00e9n\u00e9es\n\t\t\t\t<\/figcaption><\/figure><figure class='gallery-item'>\n\t\t\t<div class='gallery-icon portrait'>\n\t\t\t\t<a data-elementor-open-lightbox=\"yes\" data-elementor-lightbox-slideshow=\"6514111\" data-elementor-lightbox-title=\"pyr\u00e9n\u00e9es-118b\" data-e-action-hash=\"#elementor-action%3Aaction%3Dlightbox%26settings%3DeyJpZCI6MjUyNCwidXJsIjoiaHR0cDpcL1wvZWx2aW5hbGVtYXVmZi5mclwvd3AtY29udGVudFwvdXBsb2Fkc1wvMjAyNVwvMDRcL3B5cmVuZWVzLTExOGItc2NhbGVkLmpwZyIsInNsaWRlc2hvdyI6IjY1MTQxMTEifQ%3D%3D\" href='http:\/\/elvinalemauff.fr\/wp-content\/uploads\/2025\/04\/pyrenees-118b-scaled.jpg' title=\"\" data-rl_title=\"\" class=\"rl-gallery-link\" data-rl_caption=\"\" data-rel=\"lightbox-gallery-1\"><img loading=\"lazy\" decoding=\"async\" width=\"200\" height=\"300\" src=\"http:\/\/elvinalemauff.fr\/wp-content\/uploads\/2025\/04\/pyrenees-118b-200x300.jpg\" class=\"attachment-medium size-medium\" alt=\"\" aria-describedby=\"gallery-1-2524\" srcset=\"http:\/\/elvinalemauff.fr\/wp-content\/uploads\/2025\/04\/pyrenees-118b-200x300.jpg 200w, http:\/\/elvinalemauff.fr\/wp-content\/uploads\/2025\/04\/pyrenees-118b-683x1024.jpg 683w, http:\/\/elvinalemauff.fr\/wp-content\/uploads\/2025\/04\/pyrenees-118b-768x1152.jpg 768w, http:\/\/elvinalemauff.fr\/wp-content\/uploads\/2025\/04\/pyrenees-118b-1024x1536.jpg 1024w, http:\/\/elvinalemauff.fr\/wp-content\/uploads\/2025\/04\/pyrenees-118b-1366x2048.jpg 1366w, http:\/\/elvinalemauff.fr\/wp-content\/uploads\/2025\/04\/pyrenees-118b-scaled.jpg 1707w\" sizes=\"(max-width: 200px) 100vw, 200px\" \/><\/a>\n\t\t\t<\/div>\n\t\t\t\t<figcaption class='wp-caption-text gallery-caption' id='gallery-1-2524'>\n\t\t\t\tPyr\u00e9n\u00e9es\n\t\t\t\t<\/figcaption><\/figure><figure class='gallery-item'>\n\t\t\t<div class='gallery-icon portrait'>\n\t\t\t\t<a data-elementor-open-lightbox=\"yes\" data-elementor-lightbox-slideshow=\"6514111\" data-elementor-lightbox-title=\"pyr\u00e9n\u00e9es969b\" data-e-action-hash=\"#elementor-action%3Aaction%3Dlightbox%26settings%3DeyJpZCI6MjUyNSwidXJsIjoiaHR0cDpcL1wvZWx2aW5hbGVtYXVmZi5mclwvd3AtY29udGVudFwvdXBsb2Fkc1wvMjAyNVwvMDRcL3B5cmVuZWVzOTY5Yi1zY2FsZWQuanBnIiwic2xpZGVzaG93IjoiNjUxNDExMSJ9\" href='http:\/\/elvinalemauff.fr\/wp-content\/uploads\/2025\/04\/pyrenees969b-scaled.jpg' title=\"\" data-rl_title=\"\" class=\"rl-gallery-link\" data-rl_caption=\"\" data-rel=\"lightbox-gallery-1\"><img loading=\"lazy\" decoding=\"async\" width=\"200\" height=\"300\" src=\"http:\/\/elvinalemauff.fr\/wp-content\/uploads\/2025\/04\/pyrenees969b-200x300.jpg\" class=\"attachment-medium size-medium\" alt=\"\" aria-describedby=\"gallery-1-2525\" srcset=\"http:\/\/elvinalemauff.fr\/wp-content\/uploads\/2025\/04\/pyrenees969b-200x300.jpg 200w, http:\/\/elvinalemauff.fr\/wp-content\/uploads\/2025\/04\/pyrenees969b-683x1024.jpg 683w, http:\/\/elvinalemauff.fr\/wp-content\/uploads\/2025\/04\/pyrenees969b-768x1152.jpg 768w, http:\/\/elvinalemauff.fr\/wp-content\/uploads\/2025\/04\/pyrenees969b-1024x1536.jpg 1024w, http:\/\/elvinalemauff.fr\/wp-content\/uploads\/2025\/04\/pyrenees969b-1366x2048.jpg 1366w, http:\/\/elvinalemauff.fr\/wp-content\/uploads\/2025\/04\/pyrenees969b-scaled.jpg 1707w\" sizes=\"(max-width: 200px) 100vw, 200px\" \/><\/a>\n\t\t\t<\/div>\n\t\t\t\t<figcaption class='wp-caption-text gallery-caption' id='gallery-1-2525'>\n\t\t\t\tPyr\u00e9n\u00e9es\n\t\t\t\t<\/figcaption><\/figure>\n\t\t<\/div>\n\t\t<\/div>\n\t\t\t\t\t\t<\/div>\n\t\t\t\t<\/div>\n\t\t\t\t\t<\/div>\n\t\t\t\t<\/div>\n\t\t\t\t<\/div>\n\t\t","protected":false},"excerpt":{"rendered":"<p>Pyr\u00e9n\u00e9es Pyr\u00e9n\u00e9es Pyr\u00e9n\u00e9es Pyr\u00e9n\u00e9es Pyr\u00e9n\u00e9es Pyr\u00e9n\u00e9es Pyr\u00e9n\u00e9es Pyr\u00e9n\u00e9es Pyr\u00e9n\u00e9es Pyr\u00e9n\u00e9es Pyr\u00e9n\u00e9es<\/p>\n","protected":false},"author":1,"featured_media":0,"parent":0,"menu_order":0,"comment_status":"closed","ping_status":"closed","template":"","meta":{"footnotes":""},"class_list":["post-2512","page","type-page","status-publish","hentry"],"featured_image_src":"","featured_image_src_square":"","_links":{"self":[{"href":"http:\/\/elvinalemauff.fr\/index.php\/wp-json\/wp\/v2\/pages\/2512","targetHints":{"allow":["GET"]}}],"collection":[{"href":"http:\/\/elvinalemauff.fr\/index.php\/wp-json\/wp\/v2\/pages"}],"about":[{"href":"http:\/\/elvinalemauff.fr\/index.php\/wp-json\/wp\/v2\/types\/page"}],"author":[{"embeddable":true,"href":"http:\/\/elvinalemauff.fr\/index.php\/wp-json\/wp\/v2\/users\/1"}],"replies":[{"embeddable":true,"href":"http:\/\/elvinalemauff.fr\/index.php\/wp-json\/wp\/v2\/comments?post=2512"}],"version-history":[{"count":4,"href":"http:\/\/elvinalemauff.fr\/index.php\/wp-json\/wp\/v2\/pages\/2512\/revisions"}],"predecessor-version":[{"id":2528,"href":"http:\/\/elvinalemauff.fr\/index.php\/wp-json\/wp\/v2\/pages\/2512\/revisions\/2528"}],"wp:attachment":[{"href":"http:\/\/elvinalemauff.fr\/index.php\/wp-json\/wp\/v2\/media?parent=2512"}],"curies":[{"name":"wp","href":"https:\/\/api.w.org\/{rel}","templated":true}]}}