{"id":362,"date":"2025-02-02T21:03:41","date_gmt":"2025-02-02T20:03:41","guid":{"rendered":"http:\/\/elvinalemauff.fr\/?page_id=362"},"modified":"2025-04-04T19:38:32","modified_gmt":"2025-04-04T17:38:32","slug":"others","status":"publish","type":"page","link":"http:\/\/elvinalemauff.fr\/index.php\/others\/","title":{"rendered":"Others"},"content":{"rendered":"\t\t<div data-elementor-type=\"wp-page\" data-elementor-id=\"362\" class=\"elementor elementor-362\">\n\t\t\t\t<div class=\"elementor-element elementor-element-869d8c0 e-flex e-con-boxed e-con e-parent\" data-id=\"869d8c0\" data-element_type=\"container\" data-e-type=\"container\">\n\t\t\t\t\t<div class=\"e-con-inner\">\n\t\t\t\t<div class=\"elementor-element elementor-element-e08838e elementor-widget elementor-widget-image-gallery\" data-id=\"e08838e\" data-element_type=\"widget\" data-e-type=\"widget\" data-widget_type=\"image-gallery.default\">\n\t\t\t\t<div class=\"elementor-widget-container\">\n\t\t\t\t\t\t\t<div class=\"elementor-image-gallery\">\n\t\t\t<div id='gallery-1' class='gallery galleryid-362 gallery-columns-4 gallery-size-medium'><figure class='gallery-item'>\n\t\t\t<div class='gallery-icon portrait'>\n\t\t\t\t<a data-elementor-open-lightbox=\"yes\" data-elementor-lightbox-slideshow=\"e08838e\" data-elementor-lightbox-title=\"R\u00e9silience\" data-e-action-hash=\"#elementor-action%3Aaction%3Dlightbox%26settings%3DeyJpZCI6MzEzLCJ1cmwiOiJodHRwOlwvXC9lbHZpbmFsZW1hdWZmLmZyXC93cC1jb250ZW50XC91cGxvYWRzXC8yMDI1XC8wMlwvcGljc2FydF8yNC0xMC0xM18yMi0xNy01MS02OTc5MDA2ODYzNTAyMTY2Nzk0MTIuanBnIiwic2xpZGVzaG93IjoiZTA4ODM4ZSJ9\" href='http:\/\/elvinalemauff.fr\/wp-content\/uploads\/2025\/02\/picsart_24-10-13_22-17-51-697900686350216679412.jpg' title=\"\" data-rl_title=\"\" class=\"rl-gallery-link\" data-rl_caption=\"\" data-rel=\"lightbox-gallery-1\"><img fetchpriority=\"high\" decoding=\"async\" width=\"231\" height=\"300\" src=\"http:\/\/elvinalemauff.fr\/wp-content\/uploads\/2025\/02\/picsart_24-10-13_22-17-51-697900686350216679412-231x300.jpg\" class=\"attachment-medium size-medium\" alt=\"\" aria-describedby=\"gallery-1-313\" srcset=\"http:\/\/elvinalemauff.fr\/wp-content\/uploads\/2025\/02\/picsart_24-10-13_22-17-51-697900686350216679412-231x300.jpg 231w, http:\/\/elvinalemauff.fr\/wp-content\/uploads\/2025\/02\/picsart_24-10-13_22-17-51-697900686350216679412-788x1024.jpg 788w, http:\/\/elvinalemauff.fr\/wp-content\/uploads\/2025\/02\/picsart_24-10-13_22-17-51-697900686350216679412-768x997.jpg 768w, http:\/\/elvinalemauff.fr\/wp-content\/uploads\/2025\/02\/picsart_24-10-13_22-17-51-697900686350216679412-1183x1536.jpg 1183w, http:\/\/elvinalemauff.fr\/wp-content\/uploads\/2025\/02\/picsart_24-10-13_22-17-51-697900686350216679412.jpg 1540w\" sizes=\"(max-width: 231px) 100vw, 231px\" \/><\/a>\n\t\t\t<\/div>\n\t\t\t\t<figcaption class='wp-caption-text gallery-caption' id='gallery-1-313'>\n\t\t\t\tR\u00e9silience\n\t\t\t\t<\/figcaption><\/figure><figure class='gallery-item'>\n\t\t\t<div class='gallery-icon portrait'>\n\t\t\t\t<a data-elementor-open-lightbox=\"yes\" data-elementor-lightbox-slideshow=\"e08838e\" data-elementor-lightbox-title=\"R\u00e9silience2084\" data-e-action-hash=\"#elementor-action%3Aaction%3Dlightbox%26settings%3DeyJpZCI6MTUwOCwidXJsIjoiaHR0cDpcL1wvZWx2aW5hbGVtYXVmZi5mclwvd3AtY29udGVudFwvdXBsb2Fkc1wvMjAyNVwvMDJcLzAwMDAyMDg0LXNjYWxlZC5qcGciLCJzbGlkZXNob3ciOiJlMDg4MzhlIn0%3D\" href='http:\/\/elvinalemauff.fr\/wp-content\/uploads\/2025\/02\/00002084-scaled.jpg' title=\"\" data-rl_title=\"\" class=\"rl-gallery-link\" data-rl_caption=\"\" data-rel=\"lightbox-gallery-1\"><img decoding=\"async\" width=\"222\" height=\"300\" src=\"http:\/\/elvinalemauff.fr\/wp-content\/uploads\/2025\/02\/00002084-222x300.jpg\" class=\"attachment-medium size-medium\" alt=\"\" aria-describedby=\"gallery-1-1508\" srcset=\"http:\/\/elvinalemauff.fr\/wp-content\/uploads\/2025\/02\/00002084-222x300.jpg 222w, http:\/\/elvinalemauff.fr\/wp-content\/uploads\/2025\/02\/00002084-759x1024.jpg 759w, http:\/\/elvinalemauff.fr\/wp-content\/uploads\/2025\/02\/00002084-768x1037.jpg 768w, http:\/\/elvinalemauff.fr\/wp-content\/uploads\/2025\/02\/00002084-1138x1536.jpg 1138w, http:\/\/elvinalemauff.fr\/wp-content\/uploads\/2025\/02\/00002084-1517x2048.jpg 1517w, http:\/\/elvinalemauff.fr\/wp-content\/uploads\/2025\/02\/00002084-scaled.jpg 1897w\" sizes=\"(max-width: 222px) 100vw, 222px\" \/><\/a>\n\t\t\t<\/div>\n\t\t\t\t<figcaption class='wp-caption-text gallery-caption' id='gallery-1-1508'>\n\t\t\t\tR\u00e9silience\n\t\t\t\t<\/figcaption><\/figure><figure class='gallery-item'>\n\t\t\t<div class='gallery-icon portrait'>\n\t\t\t\t<a data-elementor-open-lightbox=\"yes\" data-elementor-lightbox-slideshow=\"e08838e\" data-elementor-lightbox-title=\"R\u00e9silience2083\" data-e-action-hash=\"#elementor-action%3Aaction%3Dlightbox%26settings%3DeyJpZCI6MTUwNywidXJsIjoiaHR0cDpcL1wvZWx2aW5hbGVtYXVmZi5mclwvd3AtY29udGVudFwvdXBsb2Fkc1wvMjAyNVwvMDJcLzAwMDAyMDgzLXNjYWxlZC5qcGciLCJzbGlkZXNob3ciOiJlMDg4MzhlIn0%3D\" href='http:\/\/elvinalemauff.fr\/wp-content\/uploads\/2025\/02\/00002083-scaled.jpg' title=\"\" data-rl_title=\"\" class=\"rl-gallery-link\" data-rl_caption=\"\" data-rel=\"lightbox-gallery-1\"><img decoding=\"async\" width=\"200\" height=\"300\" src=\"http:\/\/elvinalemauff.fr\/wp-content\/uploads\/2025\/02\/00002083-200x300.jpg\" class=\"attachment-medium size-medium\" alt=\"\" aria-describedby=\"gallery-1-1507\" srcset=\"http:\/\/elvinalemauff.fr\/wp-content\/uploads\/2025\/02\/00002083-200x300.jpg 200w, http:\/\/elvinalemauff.fr\/wp-content\/uploads\/2025\/02\/00002083-683x1024.jpg 683w, http:\/\/elvinalemauff.fr\/wp-content\/uploads\/2025\/02\/00002083-768x1152.jpg 768w, http:\/\/elvinalemauff.fr\/wp-content\/uploads\/2025\/02\/00002083-1024x1536.jpg 1024w, http:\/\/elvinalemauff.fr\/wp-content\/uploads\/2025\/02\/00002083-1365x2048.jpg 1365w, http:\/\/elvinalemauff.fr\/wp-content\/uploads\/2025\/02\/00002083-scaled.jpg 1706w\" sizes=\"(max-width: 200px) 100vw, 200px\" \/><\/a>\n\t\t\t<\/div>\n\t\t\t\t<figcaption class='wp-caption-text gallery-caption' id='gallery-1-1507'>\n\t\t\t\tR\u00e9silience\n\t\t\t\t<\/figcaption><\/figure><figure class='gallery-item'>\n\t\t\t<div class='gallery-icon portrait'>\n\t\t\t\t<a data-elementor-open-lightbox=\"yes\" data-elementor-lightbox-slideshow=\"e08838e\" data-elementor-lightbox-title=\"R\u00e9silience 2\" data-e-action-hash=\"#elementor-action%3Aaction%3Dlightbox%26settings%3DeyJpZCI6MzE0LCJ1cmwiOiJodHRwOlwvXC9lbHZpbmFsZW1hdWZmLmZyXC93cC1jb250ZW50XC91cGxvYWRzXC8yMDI1XC8wMlwvcGljc2FydF8yNS0wMi0wMl8xMC01Ny01MS0wNDMzMzYyMTM0NzE0OTgwMDk5NzEuanBnIiwic2xpZGVzaG93IjoiZTA4ODM4ZSJ9\" href='http:\/\/elvinalemauff.fr\/wp-content\/uploads\/2025\/02\/picsart_25-02-02_10-57-51-043336213471498009971.jpg' title=\"\" data-rl_title=\"\" class=\"rl-gallery-link\" data-rl_caption=\"\" data-rel=\"lightbox-gallery-1\"><img loading=\"lazy\" decoding=\"async\" width=\"200\" height=\"300\" src=\"http:\/\/elvinalemauff.fr\/wp-content\/uploads\/2025\/02\/picsart_25-02-02_10-57-51-043336213471498009971-200x300.jpg\" class=\"attachment-medium size-medium\" alt=\"\" aria-describedby=\"gallery-1-314\" srcset=\"http:\/\/elvinalemauff.fr\/wp-content\/uploads\/2025\/02\/picsart_25-02-02_10-57-51-043336213471498009971-200x300.jpg 200w, http:\/\/elvinalemauff.fr\/wp-content\/uploads\/2025\/02\/picsart_25-02-02_10-57-51-043336213471498009971-683x1024.jpg 683w, http:\/\/elvinalemauff.fr\/wp-content\/uploads\/2025\/02\/picsart_25-02-02_10-57-51-043336213471498009971-768x1151.jpg 768w, http:\/\/elvinalemauff.fr\/wp-content\/uploads\/2025\/02\/picsart_25-02-02_10-57-51-043336213471498009971-1025x1536.jpg 1025w, http:\/\/elvinalemauff.fr\/wp-content\/uploads\/2025\/02\/picsart_25-02-02_10-57-51-043336213471498009971.jpg 1334w\" sizes=\"(max-width: 200px) 100vw, 200px\" \/><\/a>\n\t\t\t<\/div>\n\t\t\t\t<figcaption class='wp-caption-text gallery-caption' id='gallery-1-314'>\n\t\t\t\tR\u00e9silience 2\n\t\t\t\t<\/figcaption><\/figure><figure class='gallery-item'>\n\t\t\t<div class='gallery-icon portrait'>\n\t\t\t\t<a data-elementor-open-lightbox=\"yes\" data-elementor-lightbox-slideshow=\"e08838e\" data-elementor-lightbox-title=\"Rencontre06-868\" data-e-action-hash=\"#elementor-action%3Aaction%3Dlightbox%26settings%3DeyJpZCI6MTUxOCwidXJsIjoiaHR0cDpcL1wvZWx2aW5hbGVtYXVmZi5mclwvd3AtY29udGVudFwvdXBsb2Fkc1wvMjAyNVwvMDJcL1BpY3NhcnRfMjItMDEtMTlfMjEtMzktMDYtODY4LXNjYWxlZC5qcGciLCJzbGlkZXNob3ciOiJlMDg4MzhlIn0%3D\" href='http:\/\/elvinalemauff.fr\/wp-content\/uploads\/2025\/02\/Picsart_22-01-19_21-39-06-868-scaled.jpg' title=\"\" data-rl_title=\"\" class=\"rl-gallery-link\" data-rl_caption=\"\" data-rel=\"lightbox-gallery-1\"><img loading=\"lazy\" decoding=\"async\" width=\"169\" height=\"300\" src=\"http:\/\/elvinalemauff.fr\/wp-content\/uploads\/2025\/02\/Picsart_22-01-19_21-39-06-868-169x300.jpg\" class=\"attachment-medium size-medium\" alt=\"\" aria-describedby=\"gallery-1-1518\" srcset=\"http:\/\/elvinalemauff.fr\/wp-content\/uploads\/2025\/02\/Picsart_22-01-19_21-39-06-868-169x300.jpg 169w, http:\/\/elvinalemauff.fr\/wp-content\/uploads\/2025\/02\/Picsart_22-01-19_21-39-06-868-576x1024.jpg 576w, http:\/\/elvinalemauff.fr\/wp-content\/uploads\/2025\/02\/Picsart_22-01-19_21-39-06-868-768x1365.jpg 768w, http:\/\/elvinalemauff.fr\/wp-content\/uploads\/2025\/02\/Picsart_22-01-19_21-39-06-868-864x1536.jpg 864w, http:\/\/elvinalemauff.fr\/wp-content\/uploads\/2025\/02\/Picsart_22-01-19_21-39-06-868-1152x2048.jpg 1152w, http:\/\/elvinalemauff.fr\/wp-content\/uploads\/2025\/02\/Picsart_22-01-19_21-39-06-868-scaled.jpg 1440w\" sizes=\"(max-width: 169px) 100vw, 169px\" \/><\/a>\n\t\t\t<\/div>\n\t\t\t\t<figcaption class='wp-caption-text gallery-caption' id='gallery-1-1518'>\n\t\t\t\tRencontre\n\t\t\t\t<\/figcaption><\/figure><figure class='gallery-item'>\n\t\t\t<div class='gallery-icon portrait'>\n\t\t\t\t<a data-elementor-open-lightbox=\"yes\" data-elementor-lightbox-slideshow=\"e08838e\" data-elementor-lightbox-title=\"Contraste1674\" data-e-action-hash=\"#elementor-action%3Aaction%3Dlightbox%26settings%3DeyJpZCI6MTUwNiwidXJsIjoiaHR0cDpcL1wvZWx2aW5hbGVtYXVmZi5mclwvd3AtY29udGVudFwvdXBsb2Fkc1wvMjAyNVwvMDJcLzAwMDAxNjc0LXNjYWxlZC5qcGciLCJzbGlkZXNob3ciOiJlMDg4MzhlIn0%3D\" href='http:\/\/elvinalemauff.fr\/wp-content\/uploads\/2025\/02\/00001674-scaled.jpg' title=\"\" data-rl_title=\"\" class=\"rl-gallery-link\" data-rl_caption=\"\" data-rel=\"lightbox-gallery-1\"><img loading=\"lazy\" decoding=\"async\" width=\"200\" height=\"300\" src=\"http:\/\/elvinalemauff.fr\/wp-content\/uploads\/2025\/02\/00001674-200x300.jpg\" class=\"attachment-medium size-medium\" alt=\"\" aria-describedby=\"gallery-1-1506\" srcset=\"http:\/\/elvinalemauff.fr\/wp-content\/uploads\/2025\/02\/00001674-200x300.jpg 200w, http:\/\/elvinalemauff.fr\/wp-content\/uploads\/2025\/02\/00001674-683x1024.jpg 683w, http:\/\/elvinalemauff.fr\/wp-content\/uploads\/2025\/02\/00001674-768x1152.jpg 768w, http:\/\/elvinalemauff.fr\/wp-content\/uploads\/2025\/02\/00001674-1024x1536.jpg 1024w, http:\/\/elvinalemauff.fr\/wp-content\/uploads\/2025\/02\/00001674-1365x2048.jpg 1365w, http:\/\/elvinalemauff.fr\/wp-content\/uploads\/2025\/02\/00001674-scaled.jpg 1707w\" sizes=\"(max-width: 200px) 100vw, 200px\" \/><\/a>\n\t\t\t<\/div>\n\t\t\t\t<figcaption class='wp-caption-text gallery-caption' id='gallery-1-1506'>\n\t\t\t\tContraste\n\t\t\t\t<\/figcaption><\/figure><figure class='gallery-item'>\n\t\t\t<div class='gallery-icon landscape'>\n\t\t\t\t<a data-elementor-open-lightbox=\"yes\" data-elementor-lightbox-slideshow=\"e08838e\" data-elementor-lightbox-title=\"Z\u00e8bre3-304\" data-e-action-hash=\"#elementor-action%3Aaction%3Dlightbox%26settings%3DeyJpZCI6MTUxNywidXJsIjoiaHR0cDpcL1wvZWx2aW5hbGVtYXVmZi5mclwvd3AtY29udGVudFwvdXBsb2Fkc1wvMjAyNVwvMDJcL1BpY3NhcnRfMjItMDEtMTlfMjEtMjEtMzMtMzA0LmpwZyIsInNsaWRlc2hvdyI6ImUwODgzOGUifQ%3D%3D\" href='http:\/\/elvinalemauff.fr\/wp-content\/uploads\/2025\/02\/Picsart_22-01-19_21-21-33-304.jpg' title=\"\" data-rl_title=\"\" class=\"rl-gallery-link\" data-rl_caption=\"\" data-rel=\"lightbox-gallery-1\"><img loading=\"lazy\" decoding=\"async\" width=\"300\" height=\"271\" src=\"http:\/\/elvinalemauff.fr\/wp-content\/uploads\/2025\/02\/Picsart_22-01-19_21-21-33-304-300x271.jpg\" class=\"attachment-medium size-medium\" alt=\"\" aria-describedby=\"gallery-1-1517\" srcset=\"http:\/\/elvinalemauff.fr\/wp-content\/uploads\/2025\/02\/Picsart_22-01-19_21-21-33-304-300x271.jpg 300w, http:\/\/elvinalemauff.fr\/wp-content\/uploads\/2025\/02\/Picsart_22-01-19_21-21-33-304-1024x925.jpg 1024w, http:\/\/elvinalemauff.fr\/wp-content\/uploads\/2025\/02\/Picsart_22-01-19_21-21-33-304-768x694.jpg 768w, http:\/\/elvinalemauff.fr\/wp-content\/uploads\/2025\/02\/Picsart_22-01-19_21-21-33-304.jpg 1195w\" sizes=\"(max-width: 300px) 100vw, 300px\" \/><\/a>\n\t\t\t<\/div>\n\t\t\t\t<figcaption class='wp-caption-text gallery-caption' id='gallery-1-1517'>\n\t\t\t\tZ\u00e8bre\n\t\t\t\t<\/figcaption><\/figure><figure class='gallery-item'>\n\t\t\t<div class='gallery-icon portrait'>\n\t\t\t\t<a data-elementor-open-lightbox=\"yes\" data-elementor-lightbox-slideshow=\"e08838e\" data-elementor-lightbox-title=\"Z\u00e8bre2-155\" data-e-action-hash=\"#elementor-action%3Aaction%3Dlightbox%26settings%3DeyJpZCI6MTUxNiwidXJsIjoiaHR0cDpcL1wvZWx2aW5hbGVtYXVmZi5mclwvd3AtY29udGVudFwvdXBsb2Fkc1wvMjAyNVwvMDJcL1BpY3NhcnRfMjItMDEtMTlfMjEtMTMtMjItMTU1LmpwZyIsInNsaWRlc2hvdyI6ImUwODgzOGUifQ%3D%3D\" href='http:\/\/elvinalemauff.fr\/wp-content\/uploads\/2025\/02\/Picsart_22-01-19_21-13-22-155.jpg' title=\"\" data-rl_title=\"\" class=\"rl-gallery-link\" data-rl_caption=\"\" data-rel=\"lightbox-gallery-1\"><img loading=\"lazy\" decoding=\"async\" width=\"209\" height=\"300\" src=\"http:\/\/elvinalemauff.fr\/wp-content\/uploads\/2025\/02\/Picsart_22-01-19_21-13-22-155-209x300.jpg\" class=\"attachment-medium size-medium\" alt=\"\" aria-describedby=\"gallery-1-1516\" srcset=\"http:\/\/elvinalemauff.fr\/wp-content\/uploads\/2025\/02\/Picsart_22-01-19_21-13-22-155-209x300.jpg 209w, http:\/\/elvinalemauff.fr\/wp-content\/uploads\/2025\/02\/Picsart_22-01-19_21-13-22-155-713x1024.jpg 713w, http:\/\/elvinalemauff.fr\/wp-content\/uploads\/2025\/02\/Picsart_22-01-19_21-13-22-155-768x1103.jpg 768w, http:\/\/elvinalemauff.fr\/wp-content\/uploads\/2025\/02\/Picsart_22-01-19_21-13-22-155-1070x1536.jpg 1070w, http:\/\/elvinalemauff.fr\/wp-content\/uploads\/2025\/02\/Picsart_22-01-19_21-13-22-155.jpg 1080w\" sizes=\"(max-width: 209px) 100vw, 209px\" \/><\/a>\n\t\t\t<\/div>\n\t\t\t\t<figcaption class='wp-caption-text gallery-caption' id='gallery-1-1516'>\n\t\t\t\tZ\u00e8bre\n\t\t\t\t<\/figcaption><\/figure><figure class='gallery-item'>\n\t\t\t<div class='gallery-icon portrait'>\n\t\t\t\t<a data-elementor-open-lightbox=\"yes\" data-elementor-lightbox-slideshow=\"e08838e\" data-elementor-lightbox-title=\"Girafe-677\" data-e-action-hash=\"#elementor-action%3Aaction%3Dlightbox%26settings%3DeyJpZCI6MTUxNSwidXJsIjoiaHR0cDpcL1wvZWx2aW5hbGVtYXVmZi5mclwvd3AtY29udGVudFwvdXBsb2Fkc1wvMjAyNVwvMDJcL0dpcmFmZS02NzcuanBnIiwic2xpZGVzaG93IjoiZTA4ODM4ZSJ9\" href='http:\/\/elvinalemauff.fr\/wp-content\/uploads\/2025\/02\/Girafe-677.jpg' title=\"\" data-rl_title=\"\" class=\"rl-gallery-link\" data-rl_caption=\"\" data-rel=\"lightbox-gallery-1\"><img loading=\"lazy\" decoding=\"async\" width=\"225\" height=\"300\" src=\"http:\/\/elvinalemauff.fr\/wp-content\/uploads\/2025\/02\/Girafe-677-225x300.jpg\" class=\"attachment-medium size-medium\" alt=\"\" aria-describedby=\"gallery-1-1515\" srcset=\"http:\/\/elvinalemauff.fr\/wp-content\/uploads\/2025\/02\/Girafe-677-225x300.jpg 225w, http:\/\/elvinalemauff.fr\/wp-content\/uploads\/2025\/02\/Girafe-677-769x1024.jpg 769w, http:\/\/elvinalemauff.fr\/wp-content\/uploads\/2025\/02\/Girafe-677-768x1023.jpg 768w, http:\/\/elvinalemauff.fr\/wp-content\/uploads\/2025\/02\/Girafe-677.jpg 1080w\" sizes=\"(max-width: 225px) 100vw, 225px\" \/><\/a>\n\t\t\t<\/div>\n\t\t\t\t<figcaption class='wp-caption-text gallery-caption' id='gallery-1-1515'>\n\t\t\t\tGirafe\n\t\t\t\t<\/figcaption><\/figure><figure class='gallery-item'>\n\t\t\t<div class='gallery-icon portrait'>\n\t\t\t\t<a data-elementor-open-lightbox=\"yes\" data-elementor-lightbox-slideshow=\"e08838e\" data-elementor-lightbox-title=\"&#039;Fauve&#039;N&amp;b174828499\" data-e-action-hash=\"#elementor-action%3Aaction%3Dlightbox%26settings%3DeyJpZCI6MTUxMywidXJsIjoiaHR0cDpcL1wvZWx2aW5hbGVtYXVmZi5mclwvd3AtY29udGVudFwvdXBsb2Fkc1wvMjAyNVwvMDJcL0ZhdXZlTmIxNzQ4Mjg0OTktc2NhbGVkLmpwZyIsInNsaWRlc2hvdyI6ImUwODgzOGUifQ%3D%3D\" href='http:\/\/elvinalemauff.fr\/wp-content\/uploads\/2025\/02\/FauveNb174828499-scaled.jpg' title=\"\" data-rl_title=\"\" class=\"rl-gallery-link\" data-rl_caption=\"\" data-rel=\"lightbox-gallery-1\"><img loading=\"lazy\" decoding=\"async\" width=\"169\" height=\"300\" src=\"http:\/\/elvinalemauff.fr\/wp-content\/uploads\/2025\/02\/FauveNb174828499-169x300.jpg\" class=\"attachment-medium size-medium\" alt=\"\" aria-describedby=\"gallery-1-1513\" srcset=\"http:\/\/elvinalemauff.fr\/wp-content\/uploads\/2025\/02\/FauveNb174828499-169x300.jpg 169w, http:\/\/elvinalemauff.fr\/wp-content\/uploads\/2025\/02\/FauveNb174828499-576x1024.jpg 576w, http:\/\/elvinalemauff.fr\/wp-content\/uploads\/2025\/02\/FauveNb174828499-768x1365.jpg 768w, http:\/\/elvinalemauff.fr\/wp-content\/uploads\/2025\/02\/FauveNb174828499-864x1536.jpg 864w, http:\/\/elvinalemauff.fr\/wp-content\/uploads\/2025\/02\/FauveNb174828499-1152x2048.jpg 1152w, http:\/\/elvinalemauff.fr\/wp-content\/uploads\/2025\/02\/FauveNb174828499-scaled.jpg 1440w\" sizes=\"(max-width: 169px) 100vw, 169px\" \/><\/a>\n\t\t\t<\/div>\n\t\t\t\t<figcaption class='wp-caption-text gallery-caption' id='gallery-1-1513'>\n\t\t\t\tFauve\n\t\t\t\t<\/figcaption><\/figure><figure class='gallery-item'>\n\t\t\t<div class='gallery-icon landscape'>\n\t\t\t\t<a data-elementor-open-lightbox=\"yes\" data-elementor-lightbox-slideshow=\"e08838e\" data-elementor-lightbox-title=\"Tendresse-111\" data-e-action-hash=\"#elementor-action%3Aaction%3Dlightbox%26settings%3DeyJpZCI6MTUxMiwidXJsIjoiaHR0cDpcL1wvZWx2aW5hbGVtYXVmZi5mclwvd3AtY29udGVudFwvdXBsb2Fkc1wvMjAyNVwvMDJcL0JvdWNzLTExMS5qcGciLCJzbGlkZXNob3ciOiJlMDg4MzhlIn0%3D\" href='http:\/\/elvinalemauff.fr\/wp-content\/uploads\/2025\/02\/Boucs-111.jpg' title=\"\" data-rl_title=\"\" class=\"rl-gallery-link\" data-rl_caption=\"\" data-rel=\"lightbox-gallery-1\"><img loading=\"lazy\" decoding=\"async\" width=\"300\" height=\"300\" src=\"http:\/\/elvinalemauff.fr\/wp-content\/uploads\/2025\/02\/Boucs-111-300x300.jpg\" class=\"attachment-medium size-medium\" alt=\"\" aria-describedby=\"gallery-1-1512\" srcset=\"http:\/\/elvinalemauff.fr\/wp-content\/uploads\/2025\/02\/Boucs-111-300x300.jpg 300w, http:\/\/elvinalemauff.fr\/wp-content\/uploads\/2025\/02\/Boucs-111-1024x1024.jpg 1024w, http:\/\/elvinalemauff.fr\/wp-content\/uploads\/2025\/02\/Boucs-111-150x150.jpg 150w, http:\/\/elvinalemauff.fr\/wp-content\/uploads\/2025\/02\/Boucs-111-768x768.jpg 768w, http:\/\/elvinalemauff.fr\/wp-content\/uploads\/2025\/02\/Boucs-111-600x600.jpg 600w, http:\/\/elvinalemauff.fr\/wp-content\/uploads\/2025\/02\/Boucs-111.jpg 1080w\" sizes=\"(max-width: 300px) 100vw, 300px\" \/><\/a>\n\t\t\t<\/div>\n\t\t\t\t<figcaption class='wp-caption-text gallery-caption' id='gallery-1-1512'>\n\t\t\t\tTendresse\n\t\t\t\t<\/figcaption><\/figure>\n\t\t<\/div>\n\t\t<\/div>\n\t\t\t\t\t\t<\/div>\n\t\t\t\t<\/div>\n\t\t\t\t\t<\/div>\n\t\t\t\t<\/div>\n\t\t\t\t<\/div>\n\t\t","protected":false},"excerpt":{"rendered":"<p>R\u00e9silience R\u00e9silience R\u00e9silience R\u00e9silience 2 Rencontre Contraste Z\u00e8bre Z\u00e8bre Girafe Fauve Tendresse<\/p>\n","protected":false},"author":1,"featured_media":0,"parent":0,"menu_order":0,"comment_status":"closed","ping_status":"closed","template":"","meta":{"footnotes":""},"class_list":["post-362","page","type-page","status-publish","hentry"],"featured_image_src":"","featured_image_src_square":"","_links":{"self":[{"href":"http:\/\/elvinalemauff.fr\/index.php\/wp-json\/wp\/v2\/pages\/362","targetHints":{"allow":["GET"]}}],"collection":[{"href":"http:\/\/elvinalemauff.fr\/index.php\/wp-json\/wp\/v2\/pages"}],"about":[{"href":"http:\/\/elvinalemauff.fr\/index.php\/wp-json\/wp\/v2\/types\/page"}],"author":[{"embeddable":true,"href":"http:\/\/elvinalemauff.fr\/index.php\/wp-json\/wp\/v2\/users\/1"}],"replies":[{"embeddable":true,"href":"http:\/\/elvinalemauff.fr\/index.php\/wp-json\/wp\/v2\/comments?post=362"}],"version-history":[{"count":14,"href":"http:\/\/elvinalemauff.fr\/index.php\/wp-json\/wp\/v2\/pages\/362\/revisions"}],"predecessor-version":[{"id":2650,"href":"http:\/\/elvinalemauff.fr\/index.php\/wp-json\/wp\/v2\/pages\/362\/revisions\/2650"}],"wp:attachment":[{"href":"http:\/\/elvinalemauff.fr\/index.php\/wp-json\/wp\/v2\/media?parent=362"}],"curies":[{"name":"wp","href":"https:\/\/api.w.org\/{rel}","templated":true}]}}